{"id":7357,"date":"2025-04-18T13:54:25","date_gmt":"2025-04-18T11:54:25","guid":{"rendered":"https:\/\/www.alta-rocca-tourisme.com\/?page_id=7357"},"modified":"2025-06-12T15:05:27","modified_gmt":"2025-06-12T13:05:27","slug":"documentary-space","status":"publish","type":"page","link":"https:\/\/www.alta-rocca-tourisme.com\/en\/espace-pro\/espace-documentaire\/","title":{"rendered":"Document area"},"content":{"rendered":"\t\t<div data-elementor-type=\"wp-page\" data-elementor-id=\"7357\" class=\"elementor elementor-7357\" data-elementor-post-type=\"page\">\n\t\t\t\t<div class=\"elementor-element elementor-element-f9e327e e-flex e-con-boxed e-con e-parent\" data-id=\"f9e327e\" data-element_type=\"container\" data-e-type=\"container\">\n\t\t\t\t\t<div class=\"e-con-inner\">\n\t\t\t\t<div class=\"elementor-element elementor-element-bf02534 elementor-widget elementor-widget-template\" data-id=\"bf02534\" data-element_type=\"widget\" data-e-type=\"widget\" data-widget_type=\"template.default\">\n\t\t\t\t<div class=\"elementor-widget-container\">\n\t\t\t\t\t\t\t<div class=\"elementor-template\">\n\t\t\t\t\t<div data-elementor-type=\"container\" data-elementor-id=\"5751\" class=\"elementor elementor-5751\" data-elementor-post-type=\"elementor_library\">\n\t\t\t\t<div class=\"elementor-element elementor-element-3c67849b e-flex e-con-boxed e-con e-parent\" data-id=\"3c67849b\" data-element_type=\"container\" data-e-type=\"container\">\n\t\t\t\t\t<div class=\"e-con-inner\">\n\t\t\t\t<div class=\"elementor-element elementor-element-6cd8ce0b elementor-widget elementor-widget-heading\" data-id=\"6cd8ce0b\" data-element_type=\"widget\" data-e-type=\"widget\" data-widget_type=\"heading.default\">\n\t\t\t\t<div class=\"elementor-widget-container\">\n\t\t\t\t\t<span class=\"elementor-heading-title elementor-size-default\">Quelques supports ...<\/span>\t\t\t\t<\/div>\n\t\t\t\t<\/div>\n\t\t\t\t<div class=\"elementor-element elementor-element-42548bdf elementor-widget elementor-widget-heading\" data-id=\"42548bdf\" data-element_type=\"widget\" data-e-type=\"widget\" data-widget_type=\"heading.default\">\n\t\t\t\t<div class=\"elementor-widget-container\">\n\t\t\t\t\t<h1 class=\"elementor-heading-title elementor-size-default\">Espace documentaire<\/h1>\t\t\t\t<\/div>\n\t\t\t\t<\/div>\n\t\t\t\t<div class=\"elementor-element elementor-element-6ca445cb elementor-widget-divider--view-line elementor-widget elementor-widget-divider\" data-id=\"6ca445cb\" data-element_type=\"widget\" data-e-type=\"widget\" data-widget_type=\"divider.default\">\n\t\t\t\t<div class=\"elementor-widget-container\">\n\t\t\t\t\t\t\t<div class=\"elementor-divider\">\n\t\t\t<span class=\"elementor-divider-separator\">\n\t\t\t\t\t\t<\/span>\n\t\t<\/div>\n\t\t\t\t\t\t<\/div>\n\t\t\t\t<\/div>\n\t\t\t\t<div class=\"elementor-element elementor-element-7120e77 elementor-widget elementor-widget-heading\" data-id=\"7120e77\" data-element_type=\"widget\" data-e-type=\"widget\" id=\"extrait\" data-widget_type=\"heading.default\">\n\t\t\t\t<div class=\"elementor-widget-container\">\n\t\t\t\t\t<h2 class=\"elementor-heading-title elementor-size-default\">Bienvenue dans notre espace documentaire. Vous trouverez ici l\u2019ensemble des ressources officielles mises \u00e0 votre disposition. Cet espace est r\u00e9guli\u00e8rement mis \u00e0 jour afin de vous offrir des supports clairs, fiables et accessibles \u00e0 tout moment.<\/h2>\t\t\t\t<\/div>\n\t\t\t\t<\/div>\n\t\t\t\t\t<\/div>\n\t\t\t\t<\/div>\n\t\t\t\t<\/div>\n\t\t\t\t<\/div>\n\t\t\t\t\t\t<\/div>\n\t\t\t\t<\/div>\n\t\t\t\t\t<\/div>\n\t\t\t\t<\/div>\n\t\t<div class=\"elementor-element elementor-element-1f4a0ee e-flex e-con-boxed e-con e-parent\" data-id=\"1f4a0ee\" data-element_type=\"container\" data-e-type=\"container\">\n\t\t\t\t\t<div class=\"e-con-inner\">\n\t\t<div class=\"elementor-element elementor-element-b132216 e-flex e-con-boxed e-con e-child\" data-id=\"b132216\" data-element_type=\"container\" data-e-type=\"container\" data-settings=\"{&quot;background_background&quot;:&quot;classic&quot;}\">\n\t\t\t\t\t<div class=\"e-con-inner\">\n\t\t\t\t\t<\/div>\n\t\t\t\t<\/div>\n\t\t\t\t\t<\/div>\n\t\t\t\t<\/div>\n\t\t<div class=\"elementor-element elementor-element-cf520de e-flex e-con-boxed e-con e-parent\" data-id=\"cf520de\" data-element_type=\"container\" data-e-type=\"container\">\n\t\t\t\t\t<div class=\"e-con-inner\">\n\t\t<div class=\"elementor-element elementor-element-a09185a e-con-full e-flex e-con e-child\" data-id=\"a09185a\" data-element_type=\"container\" data-e-type=\"container\">\n\t\t\t\t<div class=\"elementor-element elementor-element-7d0eb40 elementor-widget elementor-widget-text-editor\" data-id=\"7d0eb40\" data-element_type=\"widget\" data-e-type=\"widget\" data-widget_type=\"text-editor.default\">\n\t\t\t\t<div class=\"elementor-widget-container\">\n\t\t\t\t\t\t\t\t\t<h2>La phototh\u00e8que de l\u2019Office de Tourisme\u00a0 de l&#8217;Alta-Rocca.<\/h2><h3>Un outil essentiel \u00e0 la communication de notre territoire.<\/h3><p>La phototh\u00e8que est ouverte \u00e0 l\u2019ensemble de nos partenaires, aux professionnels du tourisme, aux institutionnels ainsi qu\u2019\u00e0 la presse. L\u2019utilisation des images est gratuite.<\/p><p>Le t\u00e9l\u00e9chargement des fichiers en haute d\u00e9finition est effectif seulement apr\u00e8s validation\u202fde l\u2019usage.<\/p><p>Dans une d\u00e9marche de tourisme durable dont l\u2019enjeu est de r\u00e9duire les impacts du sur-tourisme estival au sein du territoire, nous avons s\u00e9lectionn\u00e9 <b>un panel d\u2019images en tenant compte des objectifs suivants<\/b> :<\/p><ul><li>Valoriser les ailes de saison ainsi que le hors saison.<\/li><li>Soutenir la culture, les savoir-faire, les activit\u00e9s douces.<\/li><li>Pr\u00e9server les sites sensibles.<\/li><li>\u00c9quilibrer les flux touristiques sur l\u2019ensemble du territoire.<\/li><\/ul><p>\u00a0<\/p><p>Dans cette lign\u00e9e, nos campagnes de communication par voie de presse et m\u00e9dias s\u2019appuient sur l\u2019\u00e9thique, la qualit\u00e9, le choix de la p\u00e9riode de publication ou diffusion, l\u2019orientation du sujet\u2026<\/p><p>L\u2019Office de Tourisme se r\u00e9serve le droit de ne pas consentir \u00e0 votre demande si cette derni\u00e8re s\u2019oppose \u00e0 notre strat\u00e9gie de tourisme durable.<\/p>\t\t\t\t\t\t\t\t<\/div>\n\t\t\t\t<\/div>\n\t\t\t\t<\/div>\n\t\t<div class=\"elementor-element elementor-element-870a852 e-con-full e-flex e-con e-child\" data-id=\"870a852\" data-element_type=\"container\" data-e-type=\"container\" data-settings=\"{&quot;sticky&quot;:&quot;top&quot;,&quot;sticky_parent&quot;:&quot;yes&quot;,&quot;sticky_on&quot;:[&quot;desktop&quot;,&quot;laptop&quot;,&quot;tablet&quot;],&quot;sticky_offset&quot;:0,&quot;sticky_effects_offset&quot;:0,&quot;sticky_anchor_link_offset&quot;:0}\">\n\t\t<div class=\"elementor-element elementor-element-b1c40e1 e-con-full e-flex e-con e-child\" data-id=\"b1c40e1\" data-element_type=\"container\" data-e-type=\"container\" data-settings=\"{&quot;background_background&quot;:&quot;classic&quot;}\">\n\t\t\t\t<div class=\"elementor-element elementor-element-aa14904 elementor-widget elementor-widget-heading\" data-id=\"aa14904\" data-element_type=\"widget\" data-e-type=\"widget\" data-widget_type=\"heading.default\">\n\t\t\t\t<div class=\"elementor-widget-container\">\n\t\t\t\t\t<h4 class=\"elementor-heading-title elementor-size-default\">Documents \u00e0 t\u00e9l\u00e9charger<\/h4>\t\t\t\t<\/div>\n\t\t\t\t<\/div>\n\t\t\t\t<div class=\"elementor-element elementor-element-42d7278 elementor-widget elementor-widget-text-editor\" data-id=\"42d7278\" data-element_type=\"widget\" data-e-type=\"widget\" data-widget_type=\"text-editor.default\">\n\t\t\t\t<div class=\"elementor-widget-container\">\n\t\t\t\t\t\t\t\t\t<p>Pour acc\u00e9der \u00e0 la phototh\u00e8que, il suffit de<strong> cr\u00e9er votre compte<\/strong> et <strong>remplir le formulaire.<\/strong><\/p><p>Si tous les crit\u00e8res sont requis (conditions d\u2019utilisation et d\u2019usage), <strong>vos r\u00e9f\u00e9rences de connexion <\/strong>vous seront envoy\u00e9es<strong> par mail<\/strong>.<\/p>\t\t\t\t\t\t\t\t<\/div>\n\t\t\t\t<\/div>\n\t\t\t\t<div class=\"elementor-element elementor-element-941fe12 elementor-widget elementor-widget-shortcode\" data-id=\"941fe12\" data-element_type=\"widget\" data-e-type=\"widget\" data-widget_type=\"shortcode.default\">\n\t\t\t\t<div class=\"elementor-widget-container\">\n\t\t\t\t\t\t\t<div class=\"elementor-shortcode\">\n<div class=\"um um-login um-7162\">\n\t<div class=\"um-form\">\n\t\t<form method=\"post\" action=\"\" autocomplete=\"off\">\n\t\t\t<div class=\"um-row _um_row_1 \" style=\"margin: 0 0 30px 0;\"><div class=\"um-col-1\"><div  id=\"um_field_7162_username\" class=\"um-field um-field-text  um-field-username um-field-text um-field-type_text\" data-key=\"username\"><div class=\"um-field-label\"><label for=\"username-7162\">Identifiant ou e-mail<span class=\"um-req\" title=\"Required\">*<\/span><\/label><div class=\"um-clear\"><\/div><\/div><div class=\"um-field-area\"><input  autocomplete=\"off\" class=\"um-form-field valid \" type=\"text\" name=\"username-7162\" id=\"username-7162\" value=\"\" placeholder=\"\" data-validate=\"unique_username_or_email\" data-key=\"username\"  aria-invalid=\"false\" \/>\n\n\t\t\t\t\t\t<\/div><\/div><div  id=\"um_field_7162_user_password\" class=\"um-field um-field-password  um-field-user_password um-field-password um-field-type_password\" data-key=\"user_password\"><div class=\"um-field-label\"><label for=\"user_password-7162\">Mot de passe<span class=\"um-req\" title=\"Required\">*<\/span><\/label><div class=\"um-clear\"><\/div><\/div><div class=\"um-field-area\"><input class=\"um-form-field valid \" type=\"password\" name=\"user_password-7162\" id=\"user_password-7162\" value=\"\" placeholder=\"\" data-validate=\"\" data-key=\"user_password\"  aria-invalid=\"false\" \/>\n\n\t\t\t\t\t\t\t<\/div><\/div><\/div><\/div>\t<input type=\"hidden\" name=\"form_id\" id=\"form_id_7162\" value=\"7162\" \/>\n\t\t<p class=\"um_request_name\">\n\t\t<label for=\"um_request_7162\">Only fill in if you are not human<\/label>\n\t\t<input type=\"hidden\" name=\"um_request\" id=\"um_request_7162\" class=\"input\" value=\"\" size=\"25\" autocomplete=\"off\" \/>\n\t<\/p>\n\t<input type=\"hidden\" name=\"redirect_to\" id=\"redirect_to\" value=\"\/espace-pro\/phototheque\/\" \/><input type=\"hidden\" id=\"_wpnonce\" name=\"_wpnonce\" value=\"27dbe3ab8f\" \/><input type=\"hidden\" name=\"_wp_http_referer\" value=\"\/en\/wp-json\/wp\/v2\/pages\/7357\" \/>\n\t<div class=\"um-col-alt\">\n\n\t\t\n\t\t\t<div class=\"um-left um-half\">\n\t\t\t\t<input type=\"submit\" value=\"Connexion\" class=\"um-button\" id=\"um-submit-btn\" \/>\n\t\t\t<\/div>\n\t\t\t<div class=\"um-right um-half\">\n\t\t\t\t<a href=\"https:\/\/www.alta-rocca-tourisme.com\/en\/espace-pro\/inscription\/\" class=\"um-button um-alt\">\n\t\t\t\t\tS\u2019inscrire\t\t\t\t<\/a>\n\t\t\t<\/div>\n\n\t\t\n\t\t<div class=\"um-clear\"><\/div>\n\n\t<\/div>\n\n\t\n\t<div class=\"um-col-alt-b\">\n\t\t<a href=\"https:\/\/www.alta-rocca-tourisme.com\/en\/reinitialisation-mot-passe\/\" class=\"um-link-alt\">\n\t\t\tForgot your password?\t\t<\/a>\n\t<\/div>\n\n\t\t\t<\/form>\n\t<\/div>\n<\/div>\n<style>\n\t\t\t.um-7162.um {\n\t\t\tmax-width: 450px;\n\t\t}\n\t\t<\/style>\n<\/div>\n\t\t\t\t\t\t<\/div>\n\t\t\t\t<\/div>\n\t\t\t\t<\/div>\n\t\t\t\t<\/div>\n\t\t\t\t\t<\/div>\n\t\t\t\t<\/div>\n\t\t\t\t<\/div>\n\t\t","protected":false},"excerpt":{"rendered":"<p>Welcome to our documentation area. Here you will find all the official resources available to you. This area is regularly updated to provide you with clear, reliable material that you can access at any time.<\/p>","protected":false},"author":1,"featured_media":8622,"parent":5682,"menu_order":0,"comment_status":"closed","ping_status":"closed","template":"","meta":{"_acf_changed":false,"_seopress_robots_primary_cat":"","_seopress_titles_title":"","_seopress_titles_desc":"","_seopress_robots_index":"","footnotes":""},"class_list":["post-7357","page","type-page","status-publish","has-post-thumbnail","hentry"],"acf":[],"_links":{"self":[{"href":"https:\/\/www.alta-rocca-tourisme.com\/en\/wp-json\/wp\/v2\/pages\/7357","targetHints":{"allow":["GET"]}}],"collection":[{"href":"https:\/\/www.alta-rocca-tourisme.com\/en\/wp-json\/wp\/v2\/pages"}],"about":[{"href":"https:\/\/www.alta-rocca-tourisme.com\/en\/wp-json\/wp\/v2\/types\/page"}],"author":[{"embeddable":true,"href":"https:\/\/www.alta-rocca-tourisme.com\/en\/wp-json\/wp\/v2\/users\/1"}],"replies":[{"embeddable":true,"href":"https:\/\/www.alta-rocca-tourisme.com\/en\/wp-json\/wp\/v2\/comments?post=7357"}],"version-history":[{"count":10,"href":"https:\/\/www.alta-rocca-tourisme.com\/en\/wp-json\/wp\/v2\/pages\/7357\/revisions"}],"predecessor-version":[{"id":9534,"href":"https:\/\/www.alta-rocca-tourisme.com\/en\/wp-json\/wp\/v2\/pages\/7357\/revisions\/9534"}],"up":[{"embeddable":true,"href":"https:\/\/www.alta-rocca-tourisme.com\/en\/wp-json\/wp\/v2\/pages\/5682"}],"wp:featuredmedia":[{"embeddable":true,"href":"https:\/\/www.alta-rocca-tourisme.com\/en\/wp-json\/wp\/v2\/media\/8622"}],"wp:attachment":[{"href":"https:\/\/www.alta-rocca-tourisme.com\/en\/wp-json\/wp\/v2\/media?parent=7357"}],"curies":[{"name":"wp","href":"https:\/\/api.w.org\/{rel}","templated":true}]}}