{"id":6565,"date":"2025-04-14T10:29:53","date_gmt":"2025-04-14T08:29:53","guid":{"rendered":"https:\/\/www.alta-rocca-tourisme.com\/?page_id=6565"},"modified":"2025-08-28T16:27:24","modified_gmt":"2025-08-28T14:27:24","slug":"kontakt","status":"publish","type":"page","link":"https:\/\/www.alta-rocca-tourisme.com\/de\/contact\/","title":{"rendered":"Kontakt"},"content":{"rendered":"\t\t<div data-elementor-type=\"wp-page\" data-elementor-id=\"6565\" class=\"elementor elementor-6565\" data-elementor-post-type=\"page\">\n\t\t\t\t<div class=\"elementor-element elementor-element-d56e4ba e-flex e-con-boxed e-con e-parent\" data-id=\"d56e4ba\" data-element_type=\"container\" data-e-type=\"container\">\n\t\t\t\t\t<div class=\"e-con-inner\">\n\t\t\t\t<div class=\"elementor-element elementor-element-66bff9d elementor-widget elementor-widget-template\" data-id=\"66bff9d\" data-element_type=\"widget\" data-e-type=\"widget\" data-widget_type=\"template.default\">\n\t\t\t\t<div class=\"elementor-widget-container\">\n\t\t\t\t\t\t\t<div class=\"elementor-template\">\n\t\t\t\t\t<div data-elementor-type=\"container\" data-elementor-id=\"5751\" class=\"elementor elementor-5751\" data-elementor-post-type=\"elementor_library\">\n\t\t\t\t<div class=\"elementor-element elementor-element-3c67849b e-flex e-con-boxed e-con e-parent\" data-id=\"3c67849b\" data-element_type=\"container\" data-e-type=\"container\">\n\t\t\t\t\t<div class=\"e-con-inner\">\n\t\t\t\t<div class=\"elementor-element elementor-element-6cd8ce0b elementor-widget elementor-widget-heading\" data-id=\"6cd8ce0b\" data-element_type=\"widget\" data-e-type=\"widget\" data-widget_type=\"heading.default\">\n\t\t\t\t<div class=\"elementor-widget-container\">\n\t\t\t\t\t<span class=\"elementor-heading-title elementor-size-default\">\u00c0 votre disposition ...<\/span>\t\t\t\t<\/div>\n\t\t\t\t<\/div>\n\t\t\t\t<div class=\"elementor-element elementor-element-42548bdf elementor-widget elementor-widget-heading\" data-id=\"42548bdf\" data-element_type=\"widget\" data-e-type=\"widget\" data-widget_type=\"heading.default\">\n\t\t\t\t<div class=\"elementor-widget-container\">\n\t\t\t\t\t<h1 class=\"elementor-heading-title elementor-size-default\">Contact<\/h1>\t\t\t\t<\/div>\n\t\t\t\t<\/div>\n\t\t\t\t<div class=\"elementor-element elementor-element-6ca445cb elementor-widget-divider--view-line elementor-widget elementor-widget-divider\" data-id=\"6ca445cb\" data-element_type=\"widget\" data-e-type=\"widget\" data-widget_type=\"divider.default\">\n\t\t\t\t<div class=\"elementor-widget-container\">\n\t\t\t\t\t\t\t<div class=\"elementor-divider\">\n\t\t\t<span class=\"elementor-divider-separator\">\n\t\t\t\t\t\t<\/span>\n\t\t<\/div>\n\t\t\t\t\t\t<\/div>\n\t\t\t\t<\/div>\n\t\t\t\t<div class=\"elementor-element elementor-element-7120e77 elementor-widget elementor-widget-heading\" data-id=\"7120e77\" data-element_type=\"widget\" data-e-type=\"widget\" id=\"extrait\" data-widget_type=\"heading.default\">\n\t\t\t\t<div class=\"elementor-widget-container\">\n\t\t\t\t\t<h2 class=\"elementor-heading-title elementor-size-default\">L'Office de Tourisme et ses Bureaux d'Information Touristique sont \u00e0 votre disposition pour vous conseiller, vous aiguiller, vous proposer des excursions, des visites et des balades\u2026 N'h\u00e9sitez pas \u00e0 nous contacter, nous vous ferons d\u00e9couvrir l'Alta Rocca avec le plus grand plaisir !<\/h2>\t\t\t\t<\/div>\n\t\t\t\t<\/div>\n\t\t\t\t\t<\/div>\n\t\t\t\t<\/div>\n\t\t\t\t<\/div>\n\t\t\t\t<\/div>\n\t\t\t\t\t\t<\/div>\n\t\t\t\t<\/div>\n\t\t\t\t\t<\/div>\n\t\t\t\t<\/div>\n\t\t<div class=\"elementor-element elementor-element-2552559 e-con-full e-flex e-con e-parent\" data-id=\"2552559\" data-element_type=\"container\" data-e-type=\"container\">\n\t\t<div class=\"elementor-element elementor-element-d255a26 e-flex e-con-boxed e-con e-child\" data-id=\"d255a26\" data-element_type=\"container\" data-e-type=\"container\" data-settings=\"{&quot;background_background&quot;:&quot;classic&quot;}\">\n\t\t\t\t\t<div class=\"e-con-inner\">\n\t\t\t\t\t<\/div>\n\t\t\t\t<\/div>\n\t\t\t\t<\/div>\n\t\t<div class=\"elementor-element elementor-element-3cf1930 e-flex e-con-boxed e-con e-parent\" data-id=\"3cf1930\" data-element_type=\"container\" data-e-type=\"container\">\n\t\t\t\t\t<div class=\"e-con-inner\">\n\t\t<div class=\"elementor-element elementor-element-abeaaf0 e-con-full e-flex e-con e-child\" data-id=\"abeaaf0\" data-element_type=\"container\" data-e-type=\"container\" data-settings=\"{&quot;sticky&quot;:&quot;top&quot;,&quot;sticky_parent&quot;:&quot;yes&quot;,&quot;sticky_on&quot;:[&quot;desktop&quot;,&quot;laptop&quot;,&quot;tablet&quot;],&quot;sticky_offset&quot;:0,&quot;sticky_effects_offset&quot;:0,&quot;sticky_anchor_link_offset&quot;:0}\">\n\t\t\t\t<div class=\"elementor-element elementor-element-eeea4af elementor-toc--minimized-on-mobile elementor-widget elementor-widget-table-of-contents\" data-id=\"eeea4af\" data-element_type=\"widget\" data-e-type=\"widget\" data-settings=\"{&quot;headings_by_tags&quot;:[&quot;h3&quot;],&quot;exclude_headings_by_selector&quot;:&quot;#header,#extrait&quot;,&quot;marker_view&quot;:&quot;bullets&quot;,&quot;no_headings_message&quot;:&quot;Aucun titre n\\u2019a \\u00e9t\\u00e9 trouv\\u00e9 sur cette page.&quot;,&quot;minimized_on&quot;:&quot;mobile&quot;,&quot;icon&quot;:{&quot;value&quot;:&quot;fas fa-circle&quot;,&quot;library&quot;:&quot;fa-solid&quot;},&quot;minimize_box&quot;:&quot;yes&quot;,&quot;hierarchical_view&quot;:&quot;yes&quot;,&quot;min_height&quot;:{&quot;unit&quot;:&quot;px&quot;,&quot;size&quot;:&quot;&quot;,&quot;sizes&quot;:[]},&quot;min_height_laptop&quot;:{&quot;unit&quot;:&quot;px&quot;,&quot;size&quot;:&quot;&quot;,&quot;sizes&quot;:[]},&quot;min_height_tablet&quot;:{&quot;unit&quot;:&quot;px&quot;,&quot;size&quot;:&quot;&quot;,&quot;sizes&quot;:[]},&quot;min_height_mobile&quot;:{&quot;unit&quot;:&quot;px&quot;,&quot;size&quot;:&quot;&quot;,&quot;sizes&quot;:[]}}\" data-widget_type=\"table-of-contents.default\">\n\t\t\t\t<div class=\"elementor-widget-container\">\n\t\t\t\t\t\t\t\t\t<div class=\"elementor-toc__header\">\n\t\t\t\t\t\t<div class=\"elementor-toc__header-title\">\n\t\t\t\tDans cette page\t\t\t<\/div>\n\t\t\t\t\t\t\t\t\t\t<div class=\"elementor-toc__toggle-button elementor-toc__toggle-button--expand\" role=\"button\" tabindex=\"0\" aria-controls=\"elementor-toc__eeea4af\" aria-expanded=\"true\" aria-label=\"Inhaltsverzeichnis \u00f6ffnen\"><i aria-hidden=\"true\" class=\"fas fa-chevron-down\"><\/i><\/div>\n\t\t\t\t<div class=\"elementor-toc__toggle-button elementor-toc__toggle-button--collapse\" role=\"button\" tabindex=\"0\" aria-controls=\"elementor-toc__eeea4af\" aria-expanded=\"true\" aria-label=\"Inhaltsverzeichnis schlie\u00dfen\"><i aria-hidden=\"true\" class=\"fas fa-chevron-up\"><\/i><\/div>\n\t\t\t\t\t<\/div>\n\t\t\t\t<div id=\"elementor-toc__eeea4af\" class=\"elementor-toc__body\">\n\t\t\t<div class=\"elementor-toc__spinner-container\">\n\t\t\t\t<i class=\"elementor-toc__spinner eicon-animation-spin eicon-loading\" aria-hidden=\"true\"><\/i>\t\t\t<\/div>\n\t\t<\/div>\n\t\t\t\t\t\t<\/div>\n\t\t\t\t<\/div>\n\t\t<div class=\"elementor-element elementor-element-8551578 e-con-full e-flex e-con e-child\" data-id=\"8551578\" data-element_type=\"container\" data-e-type=\"container\" data-settings=\"{&quot;background_background&quot;:&quot;classic&quot;}\">\n\t\t\t\t<div class=\"elementor-element elementor-element-6f770c0 elementor-widget elementor-widget-heading\" data-id=\"6f770c0\" data-element_type=\"widget\" data-e-type=\"widget\" data-widget_type=\"heading.default\">\n\t\t\t\t<div class=\"elementor-widget-container\">\n\t\t\t\t\t<h4 class=\"elementor-heading-title elementor-size-default\">Pratique<\/h4>\t\t\t\t<\/div>\n\t\t\t\t<\/div>\n\t\t\t\t<div class=\"elementor-element elementor-element-73d99b3 elementor-icon-list--layout-traditional elementor-list-item-link-full_width elementor-widget elementor-widget-icon-list\" data-id=\"73d99b3\" data-element_type=\"widget\" data-e-type=\"widget\" data-widget_type=\"icon-list.default\">\n\t\t\t\t<div class=\"elementor-widget-container\">\n\t\t\t\t\t\t\t<ul class=\"elementor-icon-list-items\">\n\t\t\t\t\t\t\t<li class=\"elementor-icon-list-item\">\n\t\t\t\t\t\t\t\t\t\t\t<a href=\"https:\/\/maps.app.goo.gl\/A1UfPxMjG78aeDDA6\" target=\"_blank\">\n\n\t\t\t\t\t\t\t\t\t\t\t\t<span class=\"elementor-icon-list-icon\">\n\t\t\t\t\t\t\t<i aria-hidden=\"true\" class=\"fas fa-house-user\"><\/i>\t\t\t\t\t\t<\/span>\n\t\t\t\t\t\t\t\t\t\t<span class=\"elementor-icon-list-text\">BIT de Sainte Lucie de Tallano<\/span>\n\t\t\t\t\t\t\t\t\t\t\t<\/a>\n\t\t\t\t\t\t\t\t\t<\/li>\n\t\t\t\t\t\t\t\t<li class=\"elementor-icon-list-item\">\n\t\t\t\t\t\t\t\t\t\t\t<a href=\"https:\/\/maps.app.goo.gl\/VQatUtTACWpuRCYC6\" target=\"_blank\">\n\n\t\t\t\t\t\t\t\t\t\t\t\t<span class=\"elementor-icon-list-icon\">\n\t\t\t\t\t\t\t<i aria-hidden=\"true\" class=\"fas fa-house-user\"><\/i>\t\t\t\t\t\t<\/span>\n\t\t\t\t\t\t\t\t\t\t<span class=\"elementor-icon-list-text\">BIT de Solenzara<\/span>\n\t\t\t\t\t\t\t\t\t\t\t<\/a>\n\t\t\t\t\t\t\t\t\t<\/li>\n\t\t\t\t\t\t\t\t<li class=\"elementor-icon-list-item\">\n\t\t\t\t\t\t\t\t\t\t\t<a href=\"https:\/\/maps.app.goo.gl\/uzzgJCCoSehiEBzq5\">\n\n\t\t\t\t\t\t\t\t\t\t\t\t<span class=\"elementor-icon-list-icon\">\n\t\t\t\t\t\t\t<i aria-hidden=\"true\" class=\"fas fa-house-user\"><\/i>\t\t\t\t\t\t<\/span>\n\t\t\t\t\t\t\t\t\t\t<span class=\"elementor-icon-list-text\">BIT d'Aullene<\/span>\n\t\t\t\t\t\t\t\t\t\t\t<\/a>\n\t\t\t\t\t\t\t\t\t<\/li>\n\t\t\t\t\t\t<\/ul>\n\t\t\t\t\t\t<\/div>\n\t\t\t\t<\/div>\n\t\t\t\t<\/div>\n\t\t\t\t<\/div>\n\t\t<div class=\"elementor-element elementor-element-b6cbe75 e-con-full e-flex e-con e-child\" data-id=\"b6cbe75\" data-element_type=\"container\" data-e-type=\"container\">\n\t\t<div class=\"elementor-element elementor-element-423bab5 e-con-full e-flex e-con e-child\" data-id=\"423bab5\" data-element_type=\"container\" data-e-type=\"container\">\n\t\t\t\t<div class=\"elementor-element elementor-element-6b17995 elementor-widget elementor-widget-text-editor\" data-id=\"6b17995\" data-element_type=\"widget\" data-e-type=\"widget\" data-widget_type=\"text-editor.default\">\n\t\t\t\t<div class=\"elementor-widget-container\">\n\t\t\t\t\t\t\t\t\t<p class=\"rteindent1 rtejustify\">L&#8217;\u00e9quipe accueil de l&#8217;<strong>Alta Rocca <\/strong>vous accueille dans nos bureaux d&#8217;information touristique pour vous offrir toute notre expertise et la connaissance de notre territoire.<br \/>Besoin d&#8217;un conseil, d&#8217;un renseignement, de contacts de prestataires, de documentations ? N&#8217;h\u00e9sitez pas \u00e0 nous rendre visite, ou \u00e0 nous contacter directement par t\u00e9l\u00e9phone ou par email :\u00a0<\/p>\t\t\t\t\t\t\t\t<\/div>\n\t\t\t\t<\/div>\n\t\t\t\t<div class=\"elementor-element elementor-element-b03c56d elementor-widget elementor-widget-text-editor\" data-id=\"b03c56d\" data-element_type=\"widget\" data-e-type=\"widget\" data-widget_type=\"text-editor.default\">\n\t\t\t\t<div class=\"elementor-widget-container\">\n\t\t\t\t\t\t\t\t\t<h3><strong>C\u00f4t\u00e9 Littoral<\/strong><\/h3><h4><strong>Office de<\/strong> <strong>Tourisme de Zonza &#8211; Sainte Lucie de Porto-Vecchio<\/strong><\/h4><p class=\"rteindent1\"><strong>Adresse :<\/strong> Rez-de-chauss\u00e9e Mairie annexe,<br \/>20144 Ste Lucie de Porto-Vecchio<br \/><strong>T\u00e9l. :<\/strong> +33(0)4 95 71 48 99<br \/><strong>Site Web\u00a0:<\/strong> \u00a0<a href=\"http:\/\/www.zonza-saintelucie.com\/\" target=\"_blank\" rel=\"noopener\">www.zonza-saintelucie.com<\/a><\/p><p class=\"rteindent1\"><strong>Horaires\u00a0:<\/strong><\/p><ul><li class=\"rteindent1\">D\u2019octobre \u00e0 mai : du lundi au vendredi de 8h30 \u00e0 12h \/ de 14h \u00e0 17h30<\/li><li class=\"rteindent1\">En juin et septembre : du lundi au vendredi de 8h30 \u00e0 12h30 \/ de 14h \u00e0 18h, et le samedi de 8h30 \u00e0 12h30<\/li><li class=\"rteindent1\">En juillet et ao\u00fbt : du lundi au samedi de\u00a0 8h30 \u00e0 12h30 \/ de 14h30 \u00e0 18h30, et le dimanche (\u00e0 partir du 14\/7) et les jours f\u00e9ri\u00e9s de 9h \u00e0 13h<\/li><\/ul>\t\t\t\t\t\t\t\t<\/div>\n\t\t\t\t<\/div>\n\t\t\t\t<div class=\"elementor-element elementor-element-4708f1e elementor-widget elementor-widget-text-editor\" data-id=\"4708f1e\" data-element_type=\"widget\" data-e-type=\"widget\" data-widget_type=\"text-editor.default\">\n\t\t\t\t<div class=\"elementor-widget-container\">\n\t\t\t\t\t\t\t\t\t<h4>Bureau d&#8217;information touristique de la C\u00f4te des Nacres<\/h4><p class=\"rteindent1\"><strong>Adresse\u00a0:<\/strong> Place des anciennes \u00e9coles,<br \/>20145 Sari-Solenzara<br \/><strong>T\u00e9l. :<\/strong> +33(0)4 95 56 06 11<\/p><p class=\"rteindent1\"><strong>Horaires\u00a0:<\/strong><\/p><ul><li class=\"rteindent1\">D&#8217;avril \u00e0 mai : du lundi au vendredi de 9h \u00e0 12h \/ de 14h \u00e0 18h<\/li><li class=\"rteindent1\">Haute-saison : du lundi au samedi de\u00a0 9h \u00e0 12h \/ de 14h \u00e0 18h, et le dimanche de 9h \u00e0 18h<\/li><li class=\"rteindent1\">De septembre \u00e0 mi-octobre : du lundi au vendredi de 9h \u00e0 12h \/ de 14h \u00e0 17h, et le samedi de 9h \u00e0 12h30<\/li><li class=\"rteindent1\">Basse-saison (mi-octobre \u00e0 fin mars) : lundi apr\u00e8s-midi, mardi et jeudi<\/li><\/ul>\t\t\t\t\t\t\t\t<\/div>\n\t\t\t\t<\/div>\n\t\t\t\t<div class=\"elementor-element elementor-element-9a493de elementor-widget-divider--view-line elementor-widget elementor-widget-divider\" data-id=\"9a493de\" data-element_type=\"widget\" data-e-type=\"widget\" data-widget_type=\"divider.default\">\n\t\t\t\t<div class=\"elementor-widget-container\">\n\t\t\t\t\t\t\t<div class=\"elementor-divider\">\n\t\t\t<span class=\"elementor-divider-separator\">\n\t\t\t\t\t\t<\/span>\n\t\t<\/div>\n\t\t\t\t\t\t<\/div>\n\t\t\t\t<\/div>\n\t\t\t\t<div class=\"elementor-element elementor-element-18cf9e0 elementor-widget elementor-widget-text-editor\" data-id=\"18cf9e0\" data-element_type=\"widget\" data-e-type=\"widget\" data-widget_type=\"text-editor.default\">\n\t\t\t\t<div class=\"elementor-widget-container\">\n\t\t\t\t\t\t\t\t\t<h3>C\u00f4t\u00e9 Montagne<\/h3><h4>Bureau d&#8217;information touristique de Sainte Lucie de Tallano\u00a0<\/h4><p class=\"rteindent1\"><strong>Adresse\u00a0:<\/strong> Village<br \/>20112 Sainte Lucie de Tallano<br \/><strong>T\u00e9l.\u00a0:<\/strong> +33(0)4 95 10 24 58<\/p><p class=\"rteindent1\"><strong>Horaires\u00a0:<\/strong><\/p><ul><li class=\"rteindent1\">En mai et juin : tous les jours de 9h30 \u00e0 16h30<\/li><li class=\"rteindent1\">Haute-saison : tous les jours de 9h \u00e0 18h<\/li><li class=\"rteindent1\">De septembre \u00e0 mi-octobre (fermeture le 14 octobre) : du lundi au samedi de 9h \u00e0 16h<\/li><\/ul>\t\t\t\t\t\t\t\t<\/div>\n\t\t\t\t<\/div>\n\t\t\t\t<div class=\"elementor-element elementor-element-89aa5eb elementor-widget elementor-widget-text-editor\" data-id=\"89aa5eb\" data-element_type=\"widget\" data-e-type=\"widget\" data-widget_type=\"text-editor.default\">\n\t\t\t\t<div class=\"elementor-widget-container\">\n\t\t\t\t\t\t\t\t\t<h4>Bureau d&#8217;information touristique de Bavella\u00a0<\/h4><p class=\"rteindent1\"><strong>Adresse\u00a0:<\/strong> Col de Bavella<\/p><p class=\"rteindent1\"><strong>Horaires\u00a0:<\/strong>\u00a0<\/p><ul><li class=\"rteindent1\">En mai et octobre (fermeture le 14 octobre) : tous les jours de 9h \u00e0 17h<\/li><li class=\"rteindent1\">Haute-saison : tous les jours de 8h30 \u00e0 17h30<\/li><\/ul>\t\t\t\t\t\t\t\t<\/div>\n\t\t\t\t<\/div>\n\t\t\t\t<div class=\"elementor-element elementor-element-c011250 elementor-widget elementor-widget-text-editor\" data-id=\"c011250\" data-element_type=\"widget\" data-e-type=\"widget\" data-widget_type=\"text-editor.default\">\n\t\t\t\t<div class=\"elementor-widget-container\">\n\t\t\t\t\t\t\t\t\t<h4>Bureau d&#8217;information touristique d&#8217;Aull\u00e8ne<\/h4><p class=\"rteindent1\"><strong>Adresse\u00a0:<\/strong> Village<br \/>20116 Aull\u00e8ne<\/p><p class=\"rteindent1\"><strong>Horaires\u00a0:<\/strong> de juin \u00e0 ao\u00fbt, du lundi au vendredi de 9h \u00e0 16h<\/p>\t\t\t\t\t\t\t\t<\/div>\n\t\t\t\t<\/div>\n\t\t\t\t<div class=\"elementor-element elementor-element-97f3b99 elementor-widget elementor-widget-text-editor\" data-id=\"97f3b99\" data-element_type=\"widget\" data-e-type=\"widget\" data-widget_type=\"text-editor.default\">\n\t\t\t\t<div class=\"elementor-widget-container\">\n\t\t\t\t\t\t\t\t\t<h4>Bureau d&#8217;information touristique de Quenza\u00a0<\/h4><p class=\"rteindent1\"><strong>Adresse\u00a0:<\/strong> Village<br \/>20122\u00a0Quenza<\/p><p class=\"rteindent1\"><strong>Horaires\u00a0:<\/strong> de juillet \u00e0 ao\u00fbt, du lundi au vendredi de 8h30 \u00e0 12h30<\/p>\t\t\t\t\t\t\t\t<\/div>\n\t\t\t\t<\/div>\n\t\t\t\t<div class=\"elementor-element elementor-element-2e5a0c2 elementor-widget elementor-widget-text-editor\" data-id=\"2e5a0c2\" data-element_type=\"widget\" data-e-type=\"widget\" data-widget_type=\"text-editor.default\">\n\t\t\t\t<div class=\"elementor-widget-container\">\n\t\t\t\t\t\t\t\t\t<h4>Bureau d&#8217;information touristique de Zonza<\/h4><p class=\"rteindent1\"><strong>Adresse\u00a0:<\/strong> Village<br \/>20124 Zonza<br \/><strong>Tel : <\/strong>04 95 78 56 33<\/p><p class=\"rteindent1\"><strong>Horaires\u00a0:<\/strong>\u00a0<\/p><ul><li class=\"rteindent1\">D&#8217;avril \u00e0 juin : tous les jours de 8h30 \u00e0 12h30 \/ de 14h \u00e0 17h30<\/li><li class=\"rteindent1\">De juillet \u00e0 octobre : tous les jours de 9h \u00e0 19h<\/li><\/ul>\t\t\t\t\t\t\t\t<\/div>\n\t\t\t\t<\/div>\n\t\t\t\t<div class=\"elementor-element elementor-element-0c8be73 elementor-widget elementor-widget-text-editor\" data-id=\"0c8be73\" data-element_type=\"widget\" data-e-type=\"widget\" data-widget_type=\"text-editor.default\">\n\t\t\t\t<div class=\"elementor-widget-container\">\n\t\t\t\t\t\t\t\t\t<h4>Point info de Levie (documentation \u00e0 disposition)<\/h4><p class=\"rteindent1\"><strong>Adresse\u00a0:<\/strong> Rue Sorba<br \/>20170 Levie<br \/><strong>Tel\u00a0:<\/strong> 04 95 78 49 87<br \/><strong>Mail\u00a0:<\/strong>\u00a0\u00a0<a href=\"mailto:tourisme@alta-rocca.com\">tourisme@alta-rocca.com<\/a><\/p><p class=\"rteindent1\"><strong>Horaires\u00a0:<\/strong> du lundi au vendredi de 9h \u00e0 12h \/ de 14h \u00e0 17h<\/p>\t\t\t\t\t\t\t\t<\/div>\n\t\t\t\t<\/div>\n\t\t\t\t<\/div>\n\t\t\t\t<\/div>\n\t\t\t\t\t<\/div>\n\t\t\t\t<\/div>\n\t\t\t\t<\/div>\n\t\t","protected":false},"excerpt":{"rendered":"<p>Das Fremdenverkehrsamt und seine Touristeninformationsb\u00fcros stehen Ihnen zur Verf\u00fcgung, um Sie zu beraten, Ihnen Tipps zu geben und Ihnen Ausfl\u00fcge, Besichtigungen und Spazierg\u00e4nge vorzuschlagen... Z\u00f6gern Sie nicht, uns zu kontaktieren, wir werden Ihnen die Alta Rocca mit gr\u00f6\u00dftem Vergn\u00fcgen zeigen!<\/p>","protected":false},"author":2,"featured_media":8779,"parent":0,"menu_order":0,"comment_status":"closed","ping_status":"closed","template":"","meta":{"_acf_changed":false,"_seopress_robots_primary_cat":"","_seopress_titles_title":"","_seopress_titles_desc":"","_seopress_robots_index":"","footnotes":""},"class_list":["post-6565","page","type-page","status-publish","has-post-thumbnail","hentry"],"acf":[],"_links":{"self":[{"href":"https:\/\/www.alta-rocca-tourisme.com\/de\/wp-json\/wp\/v2\/pages\/6565","targetHints":{"allow":["GET"]}}],"collection":[{"href":"https:\/\/www.alta-rocca-tourisme.com\/de\/wp-json\/wp\/v2\/pages"}],"about":[{"href":"https:\/\/www.alta-rocca-tourisme.com\/de\/wp-json\/wp\/v2\/types\/page"}],"author":[{"embeddable":true,"href":"https:\/\/www.alta-rocca-tourisme.com\/de\/wp-json\/wp\/v2\/users\/2"}],"replies":[{"embeddable":true,"href":"https:\/\/www.alta-rocca-tourisme.com\/de\/wp-json\/wp\/v2\/comments?post=6565"}],"version-history":[{"count":10,"href":"https:\/\/www.alta-rocca-tourisme.com\/de\/wp-json\/wp\/v2\/pages\/6565\/revisions"}],"predecessor-version":[{"id":11903,"href":"https:\/\/www.alta-rocca-tourisme.com\/de\/wp-json\/wp\/v2\/pages\/6565\/revisions\/11903"}],"wp:featuredmedia":[{"embeddable":true,"href":"https:\/\/www.alta-rocca-tourisme.com\/de\/wp-json\/wp\/v2\/media\/8779"}],"wp:attachment":[{"href":"https:\/\/www.alta-rocca-tourisme.com\/de\/wp-json\/wp\/v2\/media?parent=6565"}],"curies":[{"name":"wp","href":"https:\/\/api.w.org\/{rel}","templated":true}]}}