{"id":5400,"date":"2025-03-28T14:36:31","date_gmt":"2025-03-28T13:36:31","guid":{"rendered":"https:\/\/www.alta-rocca-tourisme.com\/?page_id=5400"},"modified":"2025-08-28T16:31:56","modified_gmt":"2025-08-28T14:31:56","slug":"wie-man-kommt","status":"publish","type":"page","link":"https:\/\/www.alta-rocca-tourisme.com\/de\/transports\/comment-venir\/","title":{"rendered":"Wie kann ich kommen?"},"content":{"rendered":"\t\t<div data-elementor-type=\"wp-page\" data-elementor-id=\"5400\" class=\"elementor elementor-5400\" data-elementor-post-type=\"page\">\n\t\t\t\t<div class=\"elementor-element elementor-element-ca9ebbc e-flex e-con-boxed e-con e-parent\" data-id=\"ca9ebbc\" data-element_type=\"container\" data-e-type=\"container\">\n\t\t\t\t\t<div class=\"e-con-inner\">\n\t\t\t\t<div class=\"elementor-element elementor-element-7a1720f elementor-widget elementor-widget-template\" data-id=\"7a1720f\" data-element_type=\"widget\" data-e-type=\"widget\" data-widget_type=\"template.default\">\n\t\t\t\t<div class=\"elementor-widget-container\">\n\t\t\t\t\t\t\t<div class=\"elementor-template\">\n\t\t\t\t\t<div data-elementor-type=\"container\" data-elementor-id=\"5751\" class=\"elementor elementor-5751\" data-elementor-post-type=\"elementor_library\">\n\t\t\t\t<div class=\"elementor-element elementor-element-3c67849b e-flex e-con-boxed e-con e-parent\" data-id=\"3c67849b\" data-element_type=\"container\" data-e-type=\"container\">\n\t\t\t\t\t<div class=\"e-con-inner\">\n\t\t\t\t<div class=\"elementor-element elementor-element-6cd8ce0b elementor-widget elementor-widget-heading\" data-id=\"6cd8ce0b\" data-element_type=\"widget\" data-e-type=\"widget\" data-widget_type=\"heading.default\">\n\t\t\t\t<div class=\"elementor-widget-container\">\n\t\t\t\t\t<span class=\"elementor-heading-title elementor-size-default\">\u00c0 la nage ou en paddle ...<\/span>\t\t\t\t<\/div>\n\t\t\t\t<\/div>\n\t\t\t\t<div class=\"elementor-element elementor-element-42548bdf elementor-widget elementor-widget-heading\" data-id=\"42548bdf\" data-element_type=\"widget\" data-e-type=\"widget\" data-widget_type=\"heading.default\">\n\t\t\t\t<div class=\"elementor-widget-container\">\n\t\t\t\t\t<h1 class=\"elementor-heading-title elementor-size-default\">Comment venir ?<\/h1>\t\t\t\t<\/div>\n\t\t\t\t<\/div>\n\t\t\t\t<div class=\"elementor-element elementor-element-6ca445cb elementor-widget-divider--view-line elementor-widget elementor-widget-divider\" data-id=\"6ca445cb\" data-element_type=\"widget\" data-e-type=\"widget\" data-widget_type=\"divider.default\">\n\t\t\t\t<div class=\"elementor-widget-container\">\n\t\t\t\t\t\t\t<div class=\"elementor-divider\">\n\t\t\t<span class=\"elementor-divider-separator\">\n\t\t\t\t\t\t<\/span>\n\t\t<\/div>\n\t\t\t\t\t\t<\/div>\n\t\t\t\t<\/div>\n\t\t\t\t<div class=\"elementor-element elementor-element-7120e77 elementor-widget elementor-widget-heading\" data-id=\"7120e77\" data-element_type=\"widget\" data-e-type=\"widget\" id=\"extrait\" data-widget_type=\"heading.default\">\n\t\t\t\t<div class=\"elementor-widget-container\">\n\t\t\t\t\t<h2 class=\"elementor-heading-title elementor-size-default\">Pas d'autoroute des vacances, pas de tunnel sous la M\u00e9diterran\u00e9e, l'\u00eele de beaut\u00e9 se m\u00e9rite. Plusieurs options s'offrent \u00e0 vous pour nous y rejoindre\u2026<\/h2>\t\t\t\t<\/div>\n\t\t\t\t<\/div>\n\t\t\t\t\t<\/div>\n\t\t\t\t<\/div>\n\t\t\t\t<\/div>\n\t\t\t\t<\/div>\n\t\t\t\t\t\t<\/div>\n\t\t\t\t<\/div>\n\t\t\t\t\t<\/div>\n\t\t\t\t<\/div>\n\t\t<div class=\"elementor-element elementor-element-4b1d4e1 e-con-full e-flex e-con e-parent\" data-id=\"4b1d4e1\" data-element_type=\"container\" data-e-type=\"container\">\n\t\t<div class=\"elementor-element elementor-element-cffb457 e-flex e-con-boxed e-con e-child\" data-id=\"cffb457\" data-element_type=\"container\" data-e-type=\"container\" data-settings=\"{&quot;background_background&quot;:&quot;classic&quot;}\">\n\t\t\t\t\t<div class=\"e-con-inner\">\n\t\t\t\t\t<\/div>\n\t\t\t\t<\/div>\n\t\t\t\t<\/div>\n\t\t<div class=\"elementor-element elementor-element-04dab2c e-flex e-con-boxed e-con e-parent\" data-id=\"04dab2c\" data-element_type=\"container\" data-e-type=\"container\">\n\t\t\t\t\t<div class=\"e-con-inner\">\n\t\t<div class=\"elementor-element elementor-element-e373109 e-con-full e-flex e-con e-child\" data-id=\"e373109\" data-element_type=\"container\" data-e-type=\"container\" data-settings=\"{&quot;sticky&quot;:&quot;top&quot;,&quot;sticky_parent&quot;:&quot;yes&quot;,&quot;sticky_on&quot;:[&quot;desktop&quot;,&quot;laptop&quot;,&quot;tablet&quot;],&quot;sticky_offset&quot;:0,&quot;sticky_effects_offset&quot;:0,&quot;sticky_anchor_link_offset&quot;:0}\">\n\t\t\t\t<div class=\"elementor-element elementor-element-bd76aeb elementor-toc--minimized-on-mobile elementor-widget elementor-widget-table-of-contents\" data-id=\"bd76aeb\" data-element_type=\"widget\" data-e-type=\"widget\" data-settings=\"{&quot;headings_by_tags&quot;:[&quot;h3&quot;],&quot;exclude_headings_by_selector&quot;:&quot;#header&quot;,&quot;marker_view&quot;:&quot;bullets&quot;,&quot;no_headings_message&quot;:&quot;Aucun titre n\\u2019a \\u00e9t\\u00e9 trouv\\u00e9 sur cette page.&quot;,&quot;minimized_on&quot;:&quot;mobile&quot;,&quot;icon&quot;:{&quot;value&quot;:&quot;fas fa-circle&quot;,&quot;library&quot;:&quot;fa-solid&quot;},&quot;minimize_box&quot;:&quot;yes&quot;,&quot;hierarchical_view&quot;:&quot;yes&quot;,&quot;min_height&quot;:{&quot;unit&quot;:&quot;px&quot;,&quot;size&quot;:&quot;&quot;,&quot;sizes&quot;:[]},&quot;min_height_laptop&quot;:{&quot;unit&quot;:&quot;px&quot;,&quot;size&quot;:&quot;&quot;,&quot;sizes&quot;:[]},&quot;min_height_tablet&quot;:{&quot;unit&quot;:&quot;px&quot;,&quot;size&quot;:&quot;&quot;,&quot;sizes&quot;:[]},&quot;min_height_mobile&quot;:{&quot;unit&quot;:&quot;px&quot;,&quot;size&quot;:&quot;&quot;,&quot;sizes&quot;:[]}}\" data-widget_type=\"table-of-contents.default\">\n\t\t\t\t<div class=\"elementor-widget-container\">\n\t\t\t\t\t\t\t\t\t<div class=\"elementor-toc__header\">\n\t\t\t\t\t\t<div class=\"elementor-toc__header-title\">\n\t\t\t\tDans cette page\t\t\t<\/div>\n\t\t\t\t\t\t\t\t\t\t<div class=\"elementor-toc__toggle-button elementor-toc__toggle-button--expand\" role=\"button\" tabindex=\"0\" aria-controls=\"elementor-toc__bd76aeb\" aria-expanded=\"true\" aria-label=\"Open table of contents\"><i aria-hidden=\"true\" class=\"fas fa-chevron-down\"><\/i><\/div>\n\t\t\t\t<div class=\"elementor-toc__toggle-button elementor-toc__toggle-button--collapse\" role=\"button\" tabindex=\"0\" aria-controls=\"elementor-toc__bd76aeb\" aria-expanded=\"true\" aria-label=\"Close table of contents\"><i aria-hidden=\"true\" class=\"fas fa-chevron-up\"><\/i><\/div>\n\t\t\t\t\t<\/div>\n\t\t\t\t<div id=\"elementor-toc__bd76aeb\" class=\"elementor-toc__body\">\n\t\t\t<div class=\"elementor-toc__spinner-container\">\n\t\t\t\t<i class=\"elementor-toc__spinner eicon-animation-spin eicon-loading\" aria-hidden=\"true\"><\/i>\t\t\t<\/div>\n\t\t<\/div>\n\t\t\t\t\t\t<\/div>\n\t\t\t\t<\/div>\n\t\t<div class=\"elementor-element elementor-element-6fe4d86 e-con-full e-flex e-con e-child\" data-id=\"6fe4d86\" data-element_type=\"container\" data-e-type=\"container\" data-settings=\"{&quot;background_background&quot;:&quot;classic&quot;}\">\n\t\t\t\t<div class=\"elementor-element elementor-element-358453c elementor-widget elementor-widget-heading\" data-id=\"358453c\" data-element_type=\"widget\" data-e-type=\"widget\" data-widget_type=\"heading.default\">\n\t\t\t\t<div class=\"elementor-widget-container\">\n\t\t\t\t\t<h4 class=\"elementor-heading-title elementor-size-default\">Horaires de bus \u00e0 t\u00e9l\u00e9charger<\/h4>\t\t\t\t<\/div>\n\t\t\t\t<\/div>\n\t\t\t\t<div class=\"elementor-element elementor-element-a244cdf elementor-icon-list--layout-traditional elementor-list-item-link-full_width elementor-widget elementor-widget-icon-list\" data-id=\"a244cdf\" data-element_type=\"widget\" data-e-type=\"widget\" data-widget_type=\"icon-list.default\">\n\t\t\t\t<div class=\"elementor-widget-container\">\n\t\t\t\t\t\t\t<ul class=\"elementor-icon-list-items\">\n\t\t\t\t\t\t\t<li class=\"elementor-icon-list-item\">\n\t\t\t\t\t\t\t\t\t\t\t<a href=\"https:\/\/www.alta-rocca-tourisme.com\/wp-content\/uploads\/2025\/04\/horaires_bus_ete_2025.pdf\" target=\"_blank\">\n\n\t\t\t\t\t\t\t\t\t\t\t\t<span class=\"elementor-icon-list-icon\">\n\t\t\t\t\t\t\t<i aria-hidden=\"true\" class=\"fas fa-file-pdf\"><\/i>\t\t\t\t\t\t<\/span>\n\t\t\t\t\t\t\t\t\t\t<span class=\"elementor-icon-list-text\">Horaires des bus - \u00e9t\u00e9 2025<\/span>\n\t\t\t\t\t\t\t\t\t\t\t<\/a>\n\t\t\t\t\t\t\t\t\t<\/li>\n\t\t\t\t\t\t\t\t<li class=\"elementor-icon-list-item\">\n\t\t\t\t\t\t\t\t\t\t\t<a href=\"https:\/\/www.alta-rocca-tourisme.com\/wp-content\/uploads\/2025\/04\/horaires_bus_hiver_2025.pdf\" target=\"_blank\">\n\n\t\t\t\t\t\t\t\t\t\t\t\t<span class=\"elementor-icon-list-icon\">\n\t\t\t\t\t\t\t<i aria-hidden=\"true\" class=\"fas fa-file-pdf\"><\/i>\t\t\t\t\t\t<\/span>\n\t\t\t\t\t\t\t\t\t\t<span class=\"elementor-icon-list-text\">Horaires des bus - hiver 2025<\/span>\n\t\t\t\t\t\t\t\t\t\t\t<\/a>\n\t\t\t\t\t\t\t\t\t<\/li>\n\t\t\t\t\t\t<\/ul>\n\t\t\t\t\t\t<\/div>\n\t\t\t\t<\/div>\n\t\t\t\t<\/div>\n\t\t\t\t<\/div>\n\t\t<div class=\"elementor-element elementor-element-f56216c e-con-full e-flex e-con e-child\" data-id=\"f56216c\" data-element_type=\"container\" data-e-type=\"container\">\n\t\t\t\t<div class=\"elementor-element elementor-element-3af03cd elementor-widget elementor-widget-text-editor\" data-id=\"3af03cd\" data-element_type=\"widget\" data-e-type=\"widget\" data-widget_type=\"text-editor.default\">\n\t\t\t\t<div class=\"elementor-widget-container\">\n\t\t\t\t\t\t\t\t\t<h3>Par bateau<\/h3><h4>Compagnies et ports<\/h4><p class=\"\" data-start=\"1007\" data-end=\"1164\">Si vous pr\u00e9f\u00e9rez arriver avec votre voiture, van ou moto, le <strong data-start=\"1068\" data-end=\"1100\">ferry <\/strong>est la solution id\u00e9ale. Plusieurs <strong>compagnies<\/strong> desservent la Corse depuis le continent :<\/p><ul data-start=\"1165\" data-end=\"1227\"><li class=\"\" data-start=\"1165\" data-end=\"1186\"><p class=\"\" data-start=\"1167\" data-end=\"1186\"><a href=\"https:\/\/www.corsica-ferries.fr\/\" target=\"_blank\" rel=\"noopener\"><strong data-start=\"1167\" data-end=\"1186\">Corsica Ferries<\/strong><\/a><\/p><\/li><li class=\"\" data-start=\"1165\" data-end=\"1186\"><p class=\"\" data-start=\"1167\" data-end=\"1186\"><a href=\"https:\/\/www.lameridionale.fr\/fr\" target=\"_blank\" rel=\"noopener\"><strong data-start=\"1189\" data-end=\"1207\">La M\u00e9ridionale<\/strong><\/a><\/p><\/li><li class=\"\" data-start=\"1208\" data-end=\"1227\"><p class=\"\" data-start=\"1210\" data-end=\"1227\"><a href=\"https:\/\/www.corsicalinea.com\/\" target=\"_blank\" rel=\"noopener\"><strong data-start=\"1210\" data-end=\"1227\">Corsica Linea<\/strong><\/a><\/p><\/li><\/ul><p class=\"\" data-start=\"1229\" data-end=\"1391\"><strong data-start=\"1232\" data-end=\"1251\">Ports de d\u00e9part<\/strong> : Marseille, Toulon, Nice, G\u00eanes, Savone, Livourne<br data-start=\"1302\" data-end=\"1305\" \/><strong data-start=\"1307\" data-end=\"1335\">Ports d\u2019arriv\u00e9e en Corse<\/strong> : <a href=\"https:\/\/ajaccio-port.cci.corsica\/\" target=\"_blank\" rel=\"noopener\">Ajaccio<\/a>, <a href=\"https:\/\/bastia-port.cci.corsica\/\" target=\"_blank\" rel=\"noopener\">Bastia<\/a>, <a href=\"https:\/\/ilerousse-port.cci.corsica\/\" target=\"_blank\" rel=\"noopener\">Ile-Rousse<\/a>, <a href=\"https:\/\/portovecchio-port.cci.corsica\/\" target=\"_blank\" rel=\"noopener\">Porto-Vecchio<\/a>, <a href=\"https:\/\/propriano-port.cci.corsica\/\" target=\"_blank\" rel=\"noopener\">Propriano<\/a><\/p><p class=\"\" data-start=\"1393\" data-end=\"1510\">Les travers\u00e9es varient de <strong data-start=\"1419\" data-end=\"1436\">4 <\/strong>(depuis l&#8217;Italie)<strong data-start=\"1419\" data-end=\"1436\"> \u00e0 10 heures<\/strong> selon le trajet et peuvent se faire <strong data-start=\"1473\" data-end=\"1495\">de jour ou de nuit<\/strong> (avec cabine).<\/p>\t\t\t\t\t\t\t\t<\/div>\n\t\t\t\t<\/div>\n\t\t\t\t<div class=\"elementor-element elementor-element-d43c348 elementor-widget elementor-widget-text-editor\" data-id=\"d43c348\" data-element_type=\"widget\" data-e-type=\"widget\" data-widget_type=\"text-editor.default\">\n\t\t\t\t<div class=\"elementor-widget-container\">\n\t\t\t\t\t\t\t\t\t<h3>Par avion<\/h3><h4>A\u00e9roports<\/h4><p>Si vous souhaitez une solution rapide et pratique, la Corse dispose de quatre <strong data-start=\"412\" data-end=\"443\">a\u00e9roports principaux<\/strong> :<\/p><div class=\"strate02\"><div class=\"section clearfix\"><div class=\"group-col02 large-4 medium-6 small-12 right\"><div class=\"resume\"><ul data-start=\"446\" data-end=\"601\"><li class=\"\" data-start=\"446\" data-end=\"490\"><p class=\"\" data-start=\"448\" data-end=\"490\"><a href=\"https:\/\/ajaccio-aeroport.cci.corsica\/\" target=\"_blank\" rel=\"noopener\"><strong data-start=\"448\" data-end=\"478\">Ajaccio Napol\u00e9on Bonaparte<\/strong><\/a> (sud-ouest)<\/p><\/li><li class=\"\" data-start=\"491\" data-end=\"522\"><p class=\"\" data-start=\"493\" data-end=\"522\"><a href=\"https:\/\/bastia-aeroport.cci.corsica\/\" target=\"_blank\" rel=\"noopener\"><strong data-start=\"493\" data-end=\"511\">Bastia Poretta<\/strong><\/a> (nord-est)<\/p><\/li><li class=\"\" data-start=\"523\" data-end=\"564\"><p class=\"\" data-start=\"525\" data-end=\"564\"><a href=\"https:\/\/calvi-aeroport.cci.corsica\/\" target=\"_blank\" rel=\"noopener\"><strong data-start=\"525\" data-end=\"551\">Calvi Sainte-Catherine<\/strong><\/a> (nord-ouest)<\/p><\/li><li class=\"\" data-start=\"565\" data-end=\"601\"><p class=\"\" data-start=\"567\" data-end=\"601\"><a href=\"https:\/\/figari-aeroport.cci.corsica\/\" target=\"_blank\" rel=\"noopener\"><strong data-start=\"567\" data-end=\"587\">Figari Sud Corse<\/strong><\/a> (extr\u00eame sud)<\/p><\/li><\/ul><p class=\"\" data-start=\"603\" data-end=\"822\">Des <strong data-start=\"607\" data-end=\"630\">liaisons r\u00e9guli\u00e8res<\/strong> existent toute l\u2019ann\u00e9e depuis Paris, Marseille, Nice, Lyon, Toulouse\u2026 et des vols saisonniers depuis de nombreuses villes en France et en Europe. Le vol dure en moyenne <strong data-start=\"800\" data-end=\"821\">1 h 30 depuis Paris<\/strong>.<\/p><\/div><\/div><\/div><\/div>\t\t\t\t\t\t\t\t<\/div>\n\t\t\t\t<\/div>\n\t\t\t\t<div class=\"elementor-element elementor-element-3f7b979 elementor-widget elementor-widget-text-editor\" data-id=\"3f7b979\" data-element_type=\"widget\" data-e-type=\"widget\" data-widget_type=\"text-editor.default\">\n\t\t\t\t<div class=\"elementor-widget-container\">\n\t\t\t\t\t\t\t\t\t<div class=\"strate02\"><div class=\"section clearfix\"><div class=\"group-col02 large-4 medium-6 small-12 right\"><h3 data-start=\"603\" data-end=\"822\">Une fois sur place<\/h3><p class=\"\" data-start=\"1571\" data-end=\"1658\">La<strong data-start=\"1571\" data-end=\"1582\"> voiture <\/strong>(ou moto) est la meilleure option pour explorer librement les plages, les montagnes et les villages.<\/p><p class=\"\" data-start=\"1661\" data-end=\"1743\">Les<a href=\"https:\/\/www.isula.corsica\/Trasporti-di-passageri_a1607.html\" target=\"_blank\" rel=\"noopener\"><strong data-start=\"1661\" data-end=\"1678\"> bus r\u00e9gionaux<\/strong><\/a> sont disponibles, mais limit\u00e9s, pratiques pour les liaisons principales.<\/p><p class=\"\" data-start=\"1746\" data-end=\"1817\"><span data-start=\"1746\" data-end=\"1770\">Les <strong>locations<\/strong><\/span><strong data-start=\"1746\" data-end=\"1770\"> de voiture<\/strong>, disponibles dans les ports principaux et a\u00e9roports de l&#8217;\u00eele.<\/p><\/div><\/div><\/div>\t\t\t\t\t\t\t\t<\/div>\n\t\t\t\t<\/div>\n\t\t\t\t<div class=\"elementor-element elementor-element-d5b5967 elementor-widget elementor-widget-text-editor\" data-id=\"d5b5967\" data-element_type=\"widget\" data-e-type=\"widget\" data-widget_type=\"text-editor.default\">\n\t\t\t\t<div class=\"elementor-widget-container\">\n\t\t\t\t\t\t\t\t\t<div class=\"strate02\"><div class=\"section clearfix\"><h3 data-start=\"1824\" data-end=\"1880\">Petits conseils<\/h3><ul data-start=\"1881\" data-end=\"2098\"><li class=\"\" data-start=\"1881\" data-end=\"1929\"><p class=\"\" data-start=\"1883\" data-end=\"1929\"><strong data-start=\"1883\" data-end=\"1913\">Anticipez vos r\u00e9servations<\/strong>, surtout en \u00e9t\u00e9<\/p><\/li><li class=\"\" data-start=\"1930\" data-end=\"2015\"><p class=\"\" data-start=\"1932\" data-end=\"2015\"><strong data-start=\"1932\" data-end=\"1967\">Choisissez votre point d\u2019entr\u00e9e<\/strong> selon votre programme (rando, plage, culture \u2026)<\/p><\/li><li class=\"\" data-start=\"2016\" data-end=\"2098\"><p class=\"\" data-start=\"2018\" data-end=\"2098\"><strong data-start=\"2018\" data-end=\"2044\">Consultez les horaires<\/strong> et comparez les compagnies<\/p><\/li><\/ul><\/div><\/div><div class=\"strate04\"><div class=\"section clearfix\"><div>\u00a0<\/div><\/div><\/div>\t\t\t\t\t\t\t\t<\/div>\n\t\t\t\t<\/div>\n\t\t\t\t<div class=\"elementor-element elementor-element-207feb9 elementor-widget elementor-widget-text-editor\" data-id=\"207feb9\" data-element_type=\"widget\" data-e-type=\"widget\" data-widget_type=\"text-editor.default\">\n\t\t\t\t<div class=\"elementor-widget-container\">\n\t\t\t\t\t\t\t\t\t<div class=\"strate02\"><div class=\"section clearfix\"><h3 data-start=\"2105\" data-end=\"2169\">Pour rejoindre l&#8217;Alta Rocca<\/h3><p><em>(en voiture &amp; en moyenne)<\/em><\/p><h4>Depuis les ports les plus proches<\/h4><ul><li class=\"\" data-start=\"1059\" data-end=\"1112\"><p class=\"\" data-start=\"1061\" data-end=\"1112\"><strong data-start=\"1061\" data-end=\"1078\">1 h <\/strong>depuis <strong data-start=\"1061\" data-end=\"1078\">Porto-Vecchio<\/strong><\/p><\/li><li class=\"\" data-start=\"1113\" data-end=\"1153\"><p class=\"\" data-start=\"1115\" data-end=\"1153\"><strong data-start=\"1115\" data-end=\"1128\">45 minutes <\/strong>depuis <strong data-start=\"1115\" data-end=\"1128\">Propriano<\/strong><\/p><\/li><li class=\"\" data-start=\"1154\" data-end=\"1182\"><p class=\"\" data-start=\"1156\" data-end=\"1182\"><b>1 h 30 <\/b>depuis <b>Ajaccio<\/b><\/p><\/li><\/ul><\/div><h4 data-start=\"2170\" data-end=\"2335\">Depuis les a\u00e9roports principaux<\/h4><ul><li class=\"\" data-start=\"732\" data-end=\"780\"><p class=\"\" data-start=\"734\" data-end=\"780\"><strong data-start=\"734\" data-end=\"756\">1 h <\/strong>depuis <strong data-start=\"734\" data-end=\"756\">Figari \u2013 Sud Corse<\/strong><\/p><\/li><li class=\"\" data-start=\"781\" data-end=\"828\"><p class=\"\" data-start=\"783\" data-end=\"828\"><strong data-start=\"783\" data-end=\"813\">1 h 30 <\/strong>depuis <strong data-start=\"783\" data-end=\"813\">Ajaccio Napol\u00e9on Bonaparte<\/strong><\/p><\/li><li class=\"\" data-start=\"829\" data-end=\"890\"><p class=\"\" data-start=\"831\" data-end=\"890\"><strong data-start=\"831\" data-end=\"849\">3 h <\/strong>depuis <strong data-start=\"831\" data-end=\"849\">Bastia Poretta<\/strong><\/p><\/li><\/ul><\/div><div class=\"strate04\"><div class=\"section clearfix\"><h4 class=\"media\">Quelques temps de trajet indicatifs<\/h4><div><ul><li class=\"\" data-start=\"1775\" data-end=\"1804\"><p class=\"\" data-start=\"1777\" data-end=\"1804\">Figari &gt; Levie : <strong data-start=\"1794\" data-end=\"1804\">50 min<\/strong><\/p><\/li><li class=\"\" data-start=\"1805\" data-end=\"1837\"><p class=\"\" data-start=\"1807\" data-end=\"1837\">Porto-Vecchio &gt; Zonza : <strong data-start=\"1831\" data-end=\"1837\">1 h<\/strong><\/p><\/li><li class=\"\" data-start=\"1838\" data-end=\"1884\"><p class=\"\" data-start=\"1840\" data-end=\"1884\">Ajaccio &gt; Sainte-Lucie-de-Tallano : <strong data-start=\"1876\" data-end=\"1884\">1 h 40<\/strong><\/p><\/li><li class=\"\" data-start=\"1885\" data-end=\"1928\"><p class=\"\" data-start=\"1887\" data-end=\"1928\">Propriano &gt; Serra-di-Scopamena : <strong data-start=\"1920\" data-end=\"1928\">1 h 10<\/strong><\/p><\/li><\/ul><\/div><\/div><\/div>\t\t\t\t\t\t\t\t<\/div>\n\t\t\t\t<\/div>\n\t\t\t\t<div class=\"elementor-element elementor-element-b3aa718 elementor-widget elementor-widget-image\" data-id=\"b3aa718\" data-element_type=\"widget\" data-e-type=\"widget\" data-widget_type=\"image.default\">\n\t\t\t\t<div class=\"elementor-widget-container\">\n\t\t\t\t\t\t\t\t\t\t\t\t\t\t\t<img fetchpriority=\"high\" decoding=\"async\" width=\"800\" height=\"400\" src=\"https:\/\/www.alta-rocca-tourisme.com\/wp-content\/uploads\/2025\/04\/deplacements_alta-rocca-2-1024x512.png\" class=\"attachment-large size-large wp-image-7186\" alt=\"\" srcset=\"https:\/\/www.alta-rocca-tourisme.com\/wp-content\/uploads\/2025\/04\/deplacements_alta-rocca-2-1024x512.png 1024w, https:\/\/www.alta-rocca-tourisme.com\/wp-content\/uploads\/2025\/04\/deplacements_alta-rocca-2-300x150.png 300w, https:\/\/www.alta-rocca-tourisme.com\/wp-content\/uploads\/2025\/04\/deplacements_alta-rocca-2-768x384.png 768w, https:\/\/www.alta-rocca-tourisme.com\/wp-content\/uploads\/2025\/04\/deplacements_alta-rocca-2-1536x768.png 1536w, https:\/\/www.alta-rocca-tourisme.com\/wp-content\/uploads\/2025\/04\/deplacements_alta-rocca-2-2048x1024.png 2048w, https:\/\/www.alta-rocca-tourisme.com\/wp-content\/uploads\/2025\/04\/deplacements_alta-rocca-2-18x9.png 18w\" sizes=\"(max-width: 800px) 100vw, 800px\" \/>\t\t\t\t\t\t\t\t\t\t\t\t\t\t\t<\/div>\n\t\t\t\t<\/div>\n\t\t\t\t<\/div>\n\t\t\t\t\t<\/div>\n\t\t\t\t<\/div>\n\t\t\t\t<\/div>\n\t\t","protected":false},"excerpt":{"rendered":"<p>Keine Ferienautobahn, kein Tunnel unter dem Mittelmeer, die Insel der Sch\u00f6nheit muss man sich verdienen. Es gibt mehrere M\u00f6glichkeiten, wie Sie uns dort erreichen k\u00f6nnen...<\/p>","protected":false},"author":4,"featured_media":7044,"parent":344,"menu_order":0,"comment_status":"closed","ping_status":"closed","template":"","meta":{"_acf_changed":false,"_seopress_robots_primary_cat":"","_seopress_titles_title":"","_seopress_titles_desc":"","_seopress_robots_index":"","footnotes":""},"class_list":["post-5400","page","type-page","status-publish","has-post-thumbnail","hentry"],"acf":[],"_links":{"self":[{"href":"https:\/\/www.alta-rocca-tourisme.com\/de\/wp-json\/wp\/v2\/pages\/5400","targetHints":{"allow":["GET"]}}],"collection":[{"href":"https:\/\/www.alta-rocca-tourisme.com\/de\/wp-json\/wp\/v2\/pages"}],"about":[{"href":"https:\/\/www.alta-rocca-tourisme.com\/de\/wp-json\/wp\/v2\/types\/page"}],"author":[{"embeddable":true,"href":"https:\/\/www.alta-rocca-tourisme.com\/de\/wp-json\/wp\/v2\/users\/4"}],"replies":[{"embeddable":true,"href":"https:\/\/www.alta-rocca-tourisme.com\/de\/wp-json\/wp\/v2\/comments?post=5400"}],"version-history":[{"count":10,"href":"https:\/\/www.alta-rocca-tourisme.com\/de\/wp-json\/wp\/v2\/pages\/5400\/revisions"}],"predecessor-version":[{"id":11906,"href":"https:\/\/www.alta-rocca-tourisme.com\/de\/wp-json\/wp\/v2\/pages\/5400\/revisions\/11906"}],"up":[{"embeddable":true,"href":"https:\/\/www.alta-rocca-tourisme.com\/de\/wp-json\/wp\/v2\/pages\/344"}],"wp:featuredmedia":[{"embeddable":true,"href":"https:\/\/www.alta-rocca-tourisme.com\/de\/wp-json\/wp\/v2\/media\/7044"}],"wp:attachment":[{"href":"https:\/\/www.alta-rocca-tourisme.com\/de\/wp-json\/wp\/v2\/media?parent=5400"}],"curies":[{"name":"wp","href":"https:\/\/api.w.org\/{rel}","templated":true}]}}