{"id":4930,"date":"2025-03-27T16:40:36","date_gmt":"2025-03-27T15:40:36","guid":{"rendered":"https:\/\/www.alta-rocca-tourisme.com\/?page_id=4930"},"modified":"2026-04-20T11:08:34","modified_gmt":"2026-04-20T09:08:34","slug":"broschuren-leitfaden","status":"publish","type":"page","link":"https:\/\/www.alta-rocca-tourisme.com\/de\/brochures-guides\/","title":{"rendered":"Brosch\u00fcren"},"content":{"rendered":"\t\t<div data-elementor-type=\"wp-page\" data-elementor-id=\"4930\" class=\"elementor elementor-4930\" data-elementor-post-type=\"page\">\n\t\t\t\t<div class=\"elementor-element elementor-element-fa2fac1 e-con-full e-flex e-con e-parent\" data-id=\"fa2fac1\" data-element_type=\"container\" data-e-type=\"container\">\n\t\t\t\t<div class=\"elementor-element elementor-element-018970e elementor-widget elementor-widget-template\" data-id=\"018970e\" data-element_type=\"widget\" data-e-type=\"widget\" data-widget_type=\"template.default\">\n\t\t\t\t<div class=\"elementor-widget-container\">\n\t\t\t\t\t\t\t<div class=\"elementor-template\">\n\t\t\t\t\t<div data-elementor-type=\"container\" data-elementor-id=\"5491\" class=\"elementor elementor-5491\" data-elementor-post-type=\"elementor_library\">\n\t\t\t\t<div class=\"elementor-element elementor-element-4b6d1055 e-con-full e-flex e-con e-parent\" data-id=\"4b6d1055\" data-element_type=\"container\" data-e-type=\"container\">\n\t\t<div class=\"elementor-element elementor-element-42cfd52f e-flex e-con-boxed e-con e-child\" data-id=\"42cfd52f\" data-element_type=\"container\" data-e-type=\"container\" data-settings=\"{&quot;background_background&quot;:&quot;classic&quot;}\">\n\t\t\t\t\t<div class=\"e-con-inner\">\n\t\t\t\t<div class=\"elementor-element elementor-element-14abf8d0 elementor-widget elementor-widget-heading\" data-id=\"14abf8d0\" data-element_type=\"widget\" data-e-type=\"widget\" data-widget_type=\"heading.default\">\n\t\t\t\t<div class=\"elementor-widget-container\">\n\t\t\t\t\t<span class=\"elementor-heading-title elementor-size-default\">MOINS DE PAPIER, MOINS DE DECHETS<\/span>\t\t\t\t<\/div>\n\t\t\t\t<\/div>\n\t\t\t\t<div class=\"elementor-element elementor-element-7d5da327 elementor-widget elementor-widget-heading\" data-id=\"7d5da327\" data-element_type=\"widget\" data-e-type=\"widget\" data-widget_type=\"heading.default\">\n\t\t\t\t<div class=\"elementor-widget-container\">\n\t\t\t\t\t<h1 class=\"elementor-heading-title elementor-size-default\">Brochures<\/h1>\t\t\t\t<\/div>\n\t\t\t\t<\/div>\n\t\t\t\t<div class=\"elementor-element elementor-element-2132d5ac elementor-widget-divider--view-line elementor-widget elementor-widget-divider\" data-id=\"2132d5ac\" data-element_type=\"widget\" data-e-type=\"widget\" data-widget_type=\"divider.default\">\n\t\t\t\t<div class=\"elementor-widget-container\">\n\t\t\t\t\t\t\t<div class=\"elementor-divider\">\n\t\t\t<span class=\"elementor-divider-separator\">\n\t\t\t\t\t\t<\/span>\n\t\t<\/div>\n\t\t\t\t\t\t<\/div>\n\t\t\t\t<\/div>\n\t\t\t\t<div class=\"elementor-element elementor-element-25b7b5e elementor-widget elementor-widget-text-editor\" data-id=\"25b7b5e\" data-element_type=\"widget\" data-e-type=\"widget\" data-widget_type=\"text-editor.default\">\n\t\t\t\t<div class=\"elementor-widget-container\">\n\t\t\t\t\t\t\t\t\tPour tout savoir sur l\u2019Alta Rocca&#8230; N&#8217;h\u00e9sitez pas \u00e0 t\u00e9l\u00e9charger nos brochures gratuitement !\n\t\t\t\t\t\t\t\t<\/div>\n\t\t\t\t<\/div>\n\t\t\t\t\t<\/div>\n\t\t\t\t<\/div>\n\t\t\t\t<\/div>\n\t\t\t\t<\/div>\n\t\t\t\t<\/div>\n\t\t\t\t\t\t<\/div>\n\t\t\t\t<\/div>\n\t\t\t\t<\/div>\n\t\t<div class=\"elementor-element elementor-element-963b63d e-flex e-con-boxed e-con e-parent\" data-id=\"963b63d\" data-element_type=\"container\" data-e-type=\"container\">\n\t\t\t\t\t<div class=\"e-con-inner\">\n\t\t\t\t<div class=\"elementor-element elementor-element-375374f elementor-widget elementor-widget-jet-listing-grid\" data-id=\"375374f\" data-element_type=\"widget\" data-e-type=\"widget\" data-settings=\"{&quot;columns&quot;:&quot;2&quot;,&quot;columns_tablet&quot;:&quot;1&quot;}\" data-widget_type=\"jet-listing-grid.default\">\n\t\t\t\t<div class=\"elementor-widget-container\">\n\t\t\t\t\t<div class=\"jet-listing-grid jet-listing\"><div class=\"jet-listing-grid__items grid-col-desk-2 grid-col-tablet-1 grid-col-mobile-1 jet-listing-grid--7371 jet-equal-columns__wrapper\" data-queried-id=\"4930|WP_Post\" data-nav=\"{&quot;enabled&quot;:false,&quot;type&quot;:null,&quot;more_el&quot;:null,&quot;query&quot;:[],&quot;widget_settings&quot;:{&quot;lisitng_id&quot;:7371,&quot;posts_num&quot;:6,&quot;columns&quot;:2,&quot;columns_tablet&quot;:1,&quot;columns_mobile&quot;:1,&quot;column_min_width&quot;:240,&quot;column_min_width_tablet&quot;:240,&quot;column_min_width_mobile&quot;:240,&quot;inline_columns_css&quot;:false,&quot;is_archive_template&quot;:&quot;&quot;,&quot;post_status&quot;:[&quot;publish&quot;],&quot;use_random_posts_num&quot;:&quot;&quot;,&quot;max_posts_num&quot;:9,&quot;not_found_message&quot;:&quot;No data was found&quot;,&quot;is_masonry&quot;:false,&quot;equal_columns_height&quot;:&quot;yes&quot;,&quot;use_load_more&quot;:&quot;&quot;,&quot;load_more_id&quot;:&quot;&quot;,&quot;load_more_type&quot;:&quot;click&quot;,&quot;load_more_offset&quot;:null,&quot;use_custom_post_types&quot;:&quot;&quot;,&quot;custom_post_types&quot;:[],&quot;hide_widget_if&quot;:&quot;&quot;,&quot;carousel_enabled&quot;:&quot;&quot;,&quot;slides_to_scroll&quot;:&quot;1&quot;,&quot;arrows&quot;:&quot;true&quot;,&quot;arrow_icon&quot;:&quot;fa fa-angle-left&quot;,&quot;dots&quot;:&quot;&quot;,&quot;autoplay&quot;:&quot;true&quot;,&quot;pause_on_hover&quot;:&quot;true&quot;,&quot;autoplay_speed&quot;:5000,&quot;infinite&quot;:&quot;true&quot;,&quot;center_mode&quot;:&quot;&quot;,&quot;effect&quot;:&quot;slide&quot;,&quot;speed&quot;:500,&quot;inject_alternative_items&quot;:&quot;&quot;,&quot;injection_items&quot;:[],&quot;scroll_slider_enabled&quot;:&quot;&quot;,&quot;scroll_slider_on&quot;:[&quot;desktop&quot;,&quot;tablet&quot;,&quot;mobile&quot;],&quot;custom_query&quot;:false,&quot;custom_query_id&quot;:&quot;&quot;,&quot;_element_id&quot;:&quot;&quot;,&quot;collapse_first_last_gap&quot;:false,&quot;list_tag_selection&quot;:&quot;&quot;,&quot;list_items_wrapper_tag&quot;:&quot;div&quot;,&quot;list_item_tag&quot;:&quot;div&quot;,&quot;empty_items_wrapper_tag&quot;:&quot;div&quot;}}\" data-page=\"1\" data-pages=\"1\" data-listing-source=\"posts\" data-listing-id=\"7371\" data-query-id=\"\"><div class=\"jet-listing-grid__item jet-listing-dynamic-post-9685 jet-equal-columns\" data-post-id=\"9685\"  >\t\t<div data-elementor-type=\"jet-listing-items\" data-elementor-id=\"7371\" class=\"elementor elementor-7371\" data-elementor-post-type=\"jet-engine\">\n\t\t\t\t<div class=\"elementor-element elementor-element-9ba99cb e-con-full e-transform e-flex e-con e-child\" data-id=\"9ba99cb\" data-element_type=\"container\" data-e-type=\"container\" data-settings=\"{&quot;_transform_scale_effect_hover&quot;:{&quot;unit&quot;:&quot;px&quot;,&quot;size&quot;:1.05,&quot;sizes&quot;:[]},&quot;_transform_scale_effect_hover_laptop&quot;:{&quot;unit&quot;:&quot;px&quot;,&quot;size&quot;:&quot;&quot;,&quot;sizes&quot;:[]},&quot;_transform_scale_effect_hover_tablet&quot;:{&quot;unit&quot;:&quot;px&quot;,&quot;size&quot;:&quot;&quot;,&quot;sizes&quot;:[]},&quot;_transform_scale_effect_hover_mobile&quot;:{&quot;unit&quot;:&quot;px&quot;,&quot;size&quot;:&quot;&quot;,&quot;sizes&quot;:[]}}\">\n\t\t\t\t<div class=\"elementor-element elementor-element-d70ca77 elementor-widget__width-initial elementor-widget elementor-widget-image\" data-id=\"d70ca77\" data-element_type=\"widget\" data-e-type=\"widget\" data-widget_type=\"image.default\">\n\t\t\t\t<div class=\"elementor-widget-container\">\n\t\t\t\t\t\t\t\t\t\t\t\t\t\t\t<img fetchpriority=\"high\" decoding=\"async\" width=\"431\" height=\"882\" src=\"https:\/\/www.alta-rocca-tourisme.com\/wp-content\/uploads\/2025\/06\/couverture-sentier-du-patrimoine-sds.jpg\" class=\"attachment-large size-large wp-image-9686\" alt=\"\" srcset=\"https:\/\/www.alta-rocca-tourisme.com\/wp-content\/uploads\/2025\/06\/couverture-sentier-du-patrimoine-sds.jpg 431w, https:\/\/www.alta-rocca-tourisme.com\/wp-content\/uploads\/2025\/06\/couverture-sentier-du-patrimoine-sds-147x300.jpg 147w, https:\/\/www.alta-rocca-tourisme.com\/wp-content\/uploads\/2025\/06\/couverture-sentier-du-patrimoine-sds-6x12.jpg 6w\" sizes=\"(max-width: 431px) 100vw, 431px\" \/>\t\t\t\t\t\t\t\t\t\t\t\t\t\t\t<\/div>\n\t\t\t\t<\/div>\n\t\t<div class=\"elementor-element elementor-element-95bc9fb e-con-full e-flex e-con e-child\" data-id=\"95bc9fb\" data-element_type=\"container\" data-e-type=\"container\">\n\t\t\t\t<div class=\"elementor-element elementor-element-5d95803 elementor-widget elementor-widget-heading\" data-id=\"5d95803\" data-element_type=\"widget\" data-e-type=\"widget\" data-widget_type=\"heading.default\">\n\t\t\t\t<div class=\"elementor-widget-container\">\n\t\t\t\t\t<h2 class=\"elementor-heading-title elementor-size-default\">SENTIER DU PATRIMOINE DE SERRA DI SCOPAMENA<\/h2>\t\t\t\t<\/div>\n\t\t\t\t<\/div>\n\t\t\t\t<div class=\"elementor-element elementor-element-36d733f elementor-widget elementor-widget-text-editor\" data-id=\"36d733f\" data-element_type=\"widget\" data-e-type=\"widget\" data-widget_type=\"text-editor.default\">\n\t\t\t\t<div class=\"elementor-widget-container\">\n\t\t\t\t\t\t\t\t\tD\u00e9couvrez le village de Serra di Scopamena \u00e0 travers la riche Histoire des lieux, sur le sentier du patrimoine. \t\t\t\t\t\t\t\t<\/div>\n\t\t\t\t<\/div>\n\t\t\t\t<div class=\"elementor-element elementor-element-741caa3 elementor-widget elementor-widget-button\" data-id=\"741caa3\" data-element_type=\"widget\" data-e-type=\"widget\" data-widget_type=\"button.default\">\n\t\t\t\t<div class=\"elementor-widget-container\">\n\t\t\t\t\t\t\t\t\t<div class=\"elementor-button-wrapper\">\n\t\t\t\t\t<a class=\"elementor-button elementor-button-link elementor-size-sm\" href=\"https:\/\/www.alta-rocca-tourisme.com\/wp-content\/uploads\/2025\/06\/sentier-du-patrimoine-de-serra-di-scopamena-2-brochure.pdf\" target=\"_blank\">\n\t\t\t\t\t\t<span class=\"elementor-button-content-wrapper\">\n\t\t\t\t\t\t<span class=\"elementor-button-icon\">\n\t\t\t\t<i aria-hidden=\"true\" class=\"far fa-eye\"><\/i>\t\t\t<\/span>\n\t\t\t\t\t\t\t\t\t<span class=\"elementor-button-text\">Consulter<\/span>\n\t\t\t\t\t<\/span>\n\t\t\t\t\t<\/a>\n\t\t\t\t<\/div>\n\t\t\t\t\t\t\t\t<\/div>\n\t\t\t\t<\/div>\n\t\t\t\t<\/div>\n\t\t\t\t<\/div>\n\t\t\t\t<\/div>\n\t\t<\/div><div class=\"jet-listing-grid__item jet-listing-dynamic-post-9682 jet-equal-columns\" data-post-id=\"9682\"  >\t\t<div data-elementor-type=\"jet-listing-items\" data-elementor-id=\"7371\" class=\"elementor elementor-7371\" data-elementor-post-type=\"jet-engine\">\n\t\t\t\t<div class=\"elementor-element elementor-element-9ba99cb e-con-full e-transform e-flex e-con e-child\" data-id=\"9ba99cb\" data-element_type=\"container\" data-e-type=\"container\" data-settings=\"{&quot;_transform_scale_effect_hover&quot;:{&quot;unit&quot;:&quot;px&quot;,&quot;size&quot;:1.05,&quot;sizes&quot;:[]},&quot;_transform_scale_effect_hover_laptop&quot;:{&quot;unit&quot;:&quot;px&quot;,&quot;size&quot;:&quot;&quot;,&quot;sizes&quot;:[]},&quot;_transform_scale_effect_hover_tablet&quot;:{&quot;unit&quot;:&quot;px&quot;,&quot;size&quot;:&quot;&quot;,&quot;sizes&quot;:[]},&quot;_transform_scale_effect_hover_mobile&quot;:{&quot;unit&quot;:&quot;px&quot;,&quot;size&quot;:&quot;&quot;,&quot;sizes&quot;:[]}}\">\n\t\t\t\t<div class=\"elementor-element elementor-element-d70ca77 elementor-widget__width-initial elementor-widget elementor-widget-image\" data-id=\"d70ca77\" data-element_type=\"widget\" data-e-type=\"widget\" data-widget_type=\"image.default\">\n\t\t\t\t<div class=\"elementor-widget-container\">\n\t\t\t\t\t\t\t\t\t\t\t\t\t\t\t<img decoding=\"async\" width=\"430\" height=\"883\" src=\"https:\/\/www.alta-rocca-tourisme.com\/wp-content\/uploads\/2025\/06\/couverture-sentier-du-patrimoine-slt.jpg\" class=\"attachment-large size-large wp-image-9683\" alt=\"\" srcset=\"https:\/\/www.alta-rocca-tourisme.com\/wp-content\/uploads\/2025\/06\/couverture-sentier-du-patrimoine-slt.jpg 430w, https:\/\/www.alta-rocca-tourisme.com\/wp-content\/uploads\/2025\/06\/couverture-sentier-du-patrimoine-slt-146x300.jpg 146w, https:\/\/www.alta-rocca-tourisme.com\/wp-content\/uploads\/2025\/06\/couverture-sentier-du-patrimoine-slt-6x12.jpg 6w\" sizes=\"(max-width: 430px) 100vw, 430px\" \/>\t\t\t\t\t\t\t\t\t\t\t\t\t\t\t<\/div>\n\t\t\t\t<\/div>\n\t\t<div class=\"elementor-element elementor-element-95bc9fb e-con-full e-flex e-con e-child\" data-id=\"95bc9fb\" data-element_type=\"container\" data-e-type=\"container\">\n\t\t\t\t<div class=\"elementor-element elementor-element-5d95803 elementor-widget elementor-widget-heading\" data-id=\"5d95803\" data-element_type=\"widget\" data-e-type=\"widget\" data-widget_type=\"heading.default\">\n\t\t\t\t<div class=\"elementor-widget-container\">\n\t\t\t\t\t<h2 class=\"elementor-heading-title elementor-size-default\">SENTIER DU PATRIMOINE DE STE LUCIE DE TALLANO<\/h2>\t\t\t\t<\/div>\n\t\t\t\t<\/div>\n\t\t\t\t<div class=\"elementor-element elementor-element-36d733f elementor-widget elementor-widget-text-editor\" data-id=\"36d733f\" data-element_type=\"widget\" data-e-type=\"widget\" data-widget_type=\"text-editor.default\">\n\t\t\t\t<div class=\"elementor-widget-container\">\n\t\t\t\t\t\t\t\t\tD\u00e9couvrez le village de Sainte Lucie de Tallano et ses richesses patrimoniales en parcourant le sentier du patrimoine.\t\t\t\t\t\t\t\t<\/div>\n\t\t\t\t<\/div>\n\t\t\t\t<div class=\"elementor-element elementor-element-741caa3 elementor-widget elementor-widget-button\" data-id=\"741caa3\" data-element_type=\"widget\" data-e-type=\"widget\" data-widget_type=\"button.default\">\n\t\t\t\t<div class=\"elementor-widget-container\">\n\t\t\t\t\t\t\t\t\t<div class=\"elementor-button-wrapper\">\n\t\t\t\t\t<a class=\"elementor-button elementor-button-link elementor-size-sm\" href=\"https:\/\/www.alta-rocca-tourisme.com\/wp-content\/uploads\/2025\/06\/sentier-du-patrimoine-de-ste-lucie-de-tallano-brochure.pdf\" target=\"_blank\">\n\t\t\t\t\t\t<span class=\"elementor-button-content-wrapper\">\n\t\t\t\t\t\t<span class=\"elementor-button-icon\">\n\t\t\t\t<i aria-hidden=\"true\" class=\"far fa-eye\"><\/i>\t\t\t<\/span>\n\t\t\t\t\t\t\t\t\t<span class=\"elementor-button-text\">Consulter<\/span>\n\t\t\t\t\t<\/span>\n\t\t\t\t\t<\/a>\n\t\t\t\t<\/div>\n\t\t\t\t\t\t\t\t<\/div>\n\t\t\t\t<\/div>\n\t\t\t\t<\/div>\n\t\t\t\t<\/div>\n\t\t\t\t<\/div>\n\t\t<\/div><div class=\"jet-listing-grid__item jet-listing-dynamic-post-6555 jet-equal-columns\" data-post-id=\"6555\"  >\t\t<div data-elementor-type=\"jet-listing-items\" data-elementor-id=\"7371\" class=\"elementor elementor-7371\" data-elementor-post-type=\"jet-engine\">\n\t\t\t\t<div class=\"elementor-element elementor-element-9ba99cb e-con-full e-transform e-flex e-con e-child\" data-id=\"9ba99cb\" data-element_type=\"container\" data-e-type=\"container\" data-settings=\"{&quot;_transform_scale_effect_hover&quot;:{&quot;unit&quot;:&quot;px&quot;,&quot;size&quot;:1.05,&quot;sizes&quot;:[]},&quot;_transform_scale_effect_hover_laptop&quot;:{&quot;unit&quot;:&quot;px&quot;,&quot;size&quot;:&quot;&quot;,&quot;sizes&quot;:[]},&quot;_transform_scale_effect_hover_tablet&quot;:{&quot;unit&quot;:&quot;px&quot;,&quot;size&quot;:&quot;&quot;,&quot;sizes&quot;:[]},&quot;_transform_scale_effect_hover_mobile&quot;:{&quot;unit&quot;:&quot;px&quot;,&quot;size&quot;:&quot;&quot;,&quot;sizes&quot;:[]}}\">\n\t\t\t\t<div class=\"elementor-element elementor-element-d70ca77 elementor-widget__width-initial elementor-widget elementor-widget-image\" data-id=\"d70ca77\" data-element_type=\"widget\" data-e-type=\"widget\" data-widget_type=\"image.default\">\n\t\t\t\t<div class=\"elementor-widget-container\">\n\t\t\t\t\t\t\t\t\t\t\t\t\t\t\t<img decoding=\"async\" width=\"558\" height=\"791\" src=\"https:\/\/www.alta-rocca-tourisme.com\/wp-content\/uploads\/2025\/04\/couverture_guide.jpg\" class=\"attachment-large size-large wp-image-8723\" alt=\"\" srcset=\"https:\/\/www.alta-rocca-tourisme.com\/wp-content\/uploads\/2025\/04\/couverture_guide.jpg 558w, https:\/\/www.alta-rocca-tourisme.com\/wp-content\/uploads\/2025\/04\/couverture_guide-212x300.jpg 212w, https:\/\/www.alta-rocca-tourisme.com\/wp-content\/uploads\/2025\/04\/couverture_guide-8x12.jpg 8w\" sizes=\"(max-width: 558px) 100vw, 558px\" \/>\t\t\t\t\t\t\t\t\t\t\t\t\t\t\t<\/div>\n\t\t\t\t<\/div>\n\t\t<div class=\"elementor-element elementor-element-95bc9fb e-con-full e-flex e-con e-child\" data-id=\"95bc9fb\" data-element_type=\"container\" data-e-type=\"container\">\n\t\t\t\t<div class=\"elementor-element elementor-element-5d95803 elementor-widget elementor-widget-heading\" data-id=\"5d95803\" data-element_type=\"widget\" data-e-type=\"widget\" data-widget_type=\"heading.default\">\n\t\t\t\t<div class=\"elementor-widget-container\">\n\t\t\t\t\t<h2 class=\"elementor-heading-title elementor-size-default\">L&#8217;ESSENTIEL DE LA CORSE<\/h2>\t\t\t\t<\/div>\n\t\t\t\t<\/div>\n\t\t\t\t<div class=\"elementor-element elementor-element-36d733f elementor-widget elementor-widget-text-editor\" data-id=\"36d733f\" data-element_type=\"widget\" data-e-type=\"widget\" data-widget_type=\"text-editor.default\">\n\t\t\t\t<div class=\"elementor-widget-container\">\n\t\t\t\t\t\t\t\t\tD\u00e9couvrez la pr\u00e9sentation globale de la destination d\u00e9crite autour des cinq sens, dans le guide &#8220;L&#8217;Essentiel de la Corse&#8221; &#8230;\r\nSon format t\u00eate-b\u00eache vous permettra de d\u00e9couvrir la montagne d&#8217;un c\u00f4t\u00e9 et le littoral de l&#8217;autre pour plus de clart\u00e9. \t\t\t\t\t\t\t\t<\/div>\n\t\t\t\t<\/div>\n\t\t\t\t<div class=\"elementor-element elementor-element-741caa3 elementor-widget elementor-widget-button\" data-id=\"741caa3\" data-element_type=\"widget\" data-e-type=\"widget\" data-widget_type=\"button.default\">\n\t\t\t\t<div class=\"elementor-widget-container\">\n\t\t\t\t\t\t\t\t\t<div class=\"elementor-button-wrapper\">\n\t\t\t\t\t<a class=\"elementor-button elementor-button-link elementor-size-sm\" href=\"https:\/\/www.alta-rocca-tourisme.com\/wp-content\/uploads\/2026\/04\/BROCHCOR000V507T7P-guide_2026_site_web_small-brochure.pdf\" target=\"_blank\">\n\t\t\t\t\t\t<span class=\"elementor-button-content-wrapper\">\n\t\t\t\t\t\t<span class=\"elementor-button-icon\">\n\t\t\t\t<i aria-hidden=\"true\" class=\"far fa-eye\"><\/i>\t\t\t<\/span>\n\t\t\t\t\t\t\t\t\t<span class=\"elementor-button-text\">Consulter<\/span>\n\t\t\t\t\t<\/span>\n\t\t\t\t\t<\/a>\n\t\t\t\t<\/div>\n\t\t\t\t\t\t\t\t<\/div>\n\t\t\t\t<\/div>\n\t\t\t\t<\/div>\n\t\t\t\t<\/div>\n\t\t\t\t<\/div>\n\t\t<\/div><div class=\"jet-listing-grid__item jet-listing-dynamic-post-4274 jet-equal-columns\" data-post-id=\"4274\"  >\t\t<div data-elementor-type=\"jet-listing-items\" data-elementor-id=\"7371\" class=\"elementor elementor-7371\" data-elementor-post-type=\"jet-engine\">\n\t\t\t\t<div class=\"elementor-element elementor-element-9ba99cb e-con-full e-transform e-flex e-con e-child\" data-id=\"9ba99cb\" data-element_type=\"container\" data-e-type=\"container\" data-settings=\"{&quot;_transform_scale_effect_hover&quot;:{&quot;unit&quot;:&quot;px&quot;,&quot;size&quot;:1.05,&quot;sizes&quot;:[]},&quot;_transform_scale_effect_hover_laptop&quot;:{&quot;unit&quot;:&quot;px&quot;,&quot;size&quot;:&quot;&quot;,&quot;sizes&quot;:[]},&quot;_transform_scale_effect_hover_tablet&quot;:{&quot;unit&quot;:&quot;px&quot;,&quot;size&quot;:&quot;&quot;,&quot;sizes&quot;:[]},&quot;_transform_scale_effect_hover_mobile&quot;:{&quot;unit&quot;:&quot;px&quot;,&quot;size&quot;:&quot;&quot;,&quot;sizes&quot;:[]}}\">\n\t\t\t\t<div class=\"elementor-element elementor-element-d70ca77 elementor-widget__width-initial elementor-widget elementor-widget-image\" data-id=\"d70ca77\" data-element_type=\"widget\" data-e-type=\"widget\" data-widget_type=\"image.default\">\n\t\t\t\t<div class=\"elementor-widget-container\">\n\t\t\t\t\t\t\t\t\t\t\t\t\t\t\t<img loading=\"lazy\" decoding=\"async\" width=\"722\" height=\"1024\" src=\"https:\/\/www.alta-rocca-tourisme.com\/wp-content\/uploads\/2025\/06\/carte-touristique-2025-722x1024.jpg\" class=\"attachment-large size-large wp-image-9715\" alt=\"\" srcset=\"https:\/\/www.alta-rocca-tourisme.com\/wp-content\/uploads\/2025\/06\/carte-touristique-2025-722x1024.jpg 722w, https:\/\/www.alta-rocca-tourisme.com\/wp-content\/uploads\/2025\/06\/carte-touristique-2025-212x300.jpg 212w, https:\/\/www.alta-rocca-tourisme.com\/wp-content\/uploads\/2025\/06\/carte-touristique-2025-768x1089.jpg 768w, https:\/\/www.alta-rocca-tourisme.com\/wp-content\/uploads\/2025\/06\/carte-touristique-2025-1083x1536.jpg 1083w, https:\/\/www.alta-rocca-tourisme.com\/wp-content\/uploads\/2025\/06\/carte-touristique-2025-8x12.jpg 8w, https:\/\/www.alta-rocca-tourisme.com\/wp-content\/uploads\/2025\/06\/carte-touristique-2025.jpg 1410w\" sizes=\"(max-width: 722px) 100vw, 722px\" \/>\t\t\t\t\t\t\t\t\t\t\t\t\t\t\t<\/div>\n\t\t\t\t<\/div>\n\t\t<div class=\"elementor-element elementor-element-95bc9fb e-con-full e-flex e-con e-child\" data-id=\"95bc9fb\" data-element_type=\"container\" data-e-type=\"container\">\n\t\t\t\t<div class=\"elementor-element elementor-element-5d95803 elementor-widget elementor-widget-heading\" data-id=\"5d95803\" data-element_type=\"widget\" data-e-type=\"widget\" data-widget_type=\"heading.default\">\n\t\t\t\t<div class=\"elementor-widget-container\">\n\t\t\t\t\t<h2 class=\"elementor-heading-title elementor-size-default\">CARTE TOURISTIQUE<\/h2>\t\t\t\t<\/div>\n\t\t\t\t<\/div>\n\t\t\t\t<div class=\"elementor-element elementor-element-36d733f elementor-widget elementor-widget-text-editor\" data-id=\"36d733f\" data-element_type=\"widget\" data-e-type=\"widget\" data-widget_type=\"text-editor.default\">\n\t\t\t\t<div class=\"elementor-widget-container\">\n\t\t\t\t\t\t\t\t\tRetrouvez les points d&#8217;int\u00e9r\u00eats principaux sur la carte touristique de la destination : sentiers de randonn\u00e9es, itin\u00e9raires patrimoniaux, Explor Games, \u00e9difices religieux romans &#8230; \r\nAu dos, nos partenaires de confiances susceptibles de vous faire d\u00e9couvrir les richesses de la r\u00e9gion dans les meilleures conditions, dans le cadre de diverses activit\u00e9s de pleine nature. \t\t\t\t\t\t\t\t<\/div>\n\t\t\t\t<\/div>\n\t\t\t\t<div class=\"elementor-element elementor-element-741caa3 elementor-widget elementor-widget-button\" data-id=\"741caa3\" data-element_type=\"widget\" data-e-type=\"widget\" data-widget_type=\"button.default\">\n\t\t\t\t<div class=\"elementor-widget-container\">\n\t\t\t\t\t\t\t\t\t<div class=\"elementor-button-wrapper\">\n\t\t\t\t\t<a class=\"elementor-button elementor-button-link elementor-size-sm\" href=\"https:\/\/www.alta-rocca-tourisme.com\/wp-content\/uploads\/2026\/04\/BROCHCOR000V504TZX-carte_tq_apn_2026_site_web-brochure.pdf\" target=\"_blank\">\n\t\t\t\t\t\t<span class=\"elementor-button-content-wrapper\">\n\t\t\t\t\t\t<span class=\"elementor-button-icon\">\n\t\t\t\t<i aria-hidden=\"true\" class=\"far fa-eye\"><\/i>\t\t\t<\/span>\n\t\t\t\t\t\t\t\t\t<span class=\"elementor-button-text\">Consulter<\/span>\n\t\t\t\t\t<\/span>\n\t\t\t\t\t<\/a>\n\t\t\t\t<\/div>\n\t\t\t\t\t\t\t\t<\/div>\n\t\t\t\t<\/div>\n\t\t\t\t<\/div>\n\t\t\t\t<\/div>\n\t\t\t\t<\/div>\n\t\t<\/div><\/div><\/div>\t\t\t\t<\/div>\n\t\t\t\t<\/div>\n\t\t\t\t\t<\/div>\n\t\t\t\t<\/div>\n\t\t\t\t<\/div>\n\t\t","protected":false},"excerpt":{"rendered":"<p>Um alles \u00fcber Alta Rocca zu erfahren... Z\u00f6gern Sie nicht, unsere Brosch\u00fcren kostenlos herunterzuladen!<\/p>","protected":false},"author":2,"featured_media":0,"parent":0,"menu_order":0,"comment_status":"closed","ping_status":"closed","template":"","meta":{"_acf_changed":false,"_seopress_robots_primary_cat":"","_seopress_titles_title":"","_seopress_titles_desc":"","_seopress_robots_index":"","footnotes":""},"class_list":["post-4930","page","type-page","status-publish","hentry"],"acf":[],"_links":{"self":[{"href":"https:\/\/www.alta-rocca-tourisme.com\/de\/wp-json\/wp\/v2\/pages\/4930","targetHints":{"allow":["GET"]}}],"collection":[{"href":"https:\/\/www.alta-rocca-tourisme.com\/de\/wp-json\/wp\/v2\/pages"}],"about":[{"href":"https:\/\/www.alta-rocca-tourisme.com\/de\/wp-json\/wp\/v2\/types\/page"}],"author":[{"embeddable":true,"href":"https:\/\/www.alta-rocca-tourisme.com\/de\/wp-json\/wp\/v2\/users\/2"}],"replies":[{"embeddable":true,"href":"https:\/\/www.alta-rocca-tourisme.com\/de\/wp-json\/wp\/v2\/comments?post=4930"}],"version-history":[{"count":10,"href":"https:\/\/www.alta-rocca-tourisme.com\/de\/wp-json\/wp\/v2\/pages\/4930\/revisions"}],"predecessor-version":[{"id":63225,"href":"https:\/\/www.alta-rocca-tourisme.com\/de\/wp-json\/wp\/v2\/pages\/4930\/revisions\/63225"}],"wp:attachment":[{"href":"https:\/\/www.alta-rocca-tourisme.com\/de\/wp-json\/wp\/v2\/media?parent=4930"}],"curies":[{"name":"wp","href":"https:\/\/api.w.org\/{rel}","templated":true}]}}