{"id":3,"date":"2023-09-29T12:08:13","date_gmt":"2023-09-29T10:08:13","guid":{"rendered":"https:\/\/www.alta-rocca-tourisme.com\/?page_id=3"},"modified":"2025-06-12T13:32:00","modified_gmt":"2025-06-12T11:32:00","slug":"datenschutzrichtlinie","status":"publish","type":"page","link":"https:\/\/www.alta-rocca-tourisme.com\/de\/politique-confidentialite\/","title":{"rendered":"Datenschutzrichtlinie"},"content":{"rendered":"<div data-elementor-type=\"wp-page\" data-elementor-id=\"3\" class=\"elementor elementor-3\" data-elementor-post-type=\"page\">\n\t\t\t\t<div class=\"elementor-element elementor-element-211d8a99 e-flex e-con-boxed e-con e-parent\" data-id=\"211d8a99\" data-element_type=\"container\" data-e-type=\"container\">\n\t\t\t\t\t<div class=\"e-con-inner\">\n\t\t\t\t<div class=\"elementor-element elementor-element-6dda780 elementor-widget elementor-widget-heading\" data-id=\"6dda780\" data-element_type=\"widget\" data-e-type=\"widget\" data-widget_type=\"heading.default\">\n\t\t\t\t<div class=\"elementor-widget-container\">\n\t\t\t\t\t<h1 class=\"elementor-heading-title elementor-size-default\">Datenschutzrichtlinie<\/h1>\t\t\t\t<\/div>\n\t\t\t\t<\/div>\n\t\t\t\t<div class=\"elementor-element elementor-element-579eec18 elementor-widget elementor-widget-text-editor\" data-id=\"579eec18\" data-element_type=\"widget\" data-e-type=\"widget\" data-widget_type=\"text-editor.default\">\n\t\t\t\t<div class=\"elementor-widget-container\">\n\t\t\t\t\t\t\t\t\t<p>Gem\u00e4\u00df den Bestimmungen der geltenden Gesetzgebung zum Schutz personenbezogener Daten informieren wir Sie dar\u00fcber, dass Ihre Daten in das Verarbeitungssystem aufgenommen werden, das dem OFFICE DE TOURISME INTERCOMMUNAL ALTA ROCCA mit Sitz in : Communaut\u00e9 des communes de l'Alta Rocca - Rue Sorba - BP 07 - 20170 LEVIE.<\/p><h2>Verantwortlicher f\u00fcr die Verarbeitung<\/h2><p>Im Sinne von Artikel 4.7 der DSGVO ist das OFFICE DE TOURISME INTERCOMMUNAL ALTA ROCCA f\u00fcr die Verarbeitung der auf der Website erhobenen personenbezogenen Daten verantwortlich. <a href=\"https:\/\/www.alta-rocca-tourisme.com\/de\/\" target=\"_blank\" rel=\"noopener\">https:\/\/www.alta-rocca-tourisme.com\/<\/a>. OFFICE DE TOURISME INTERCOMMUNAL ALTA ROCCA bestimmt den Zweck und die Mittel der durchgef\u00fchrten Verarbeitung(en).<\/p><h2>Warum sammelt das interkommunale Tourismusb\u00fcro Alta Rocca personenbezogene Daten?<\/h2><p>OFFICE DE TOURISME INTERCOMMUNAL ALTA ROCCA sammelt Daten zu mehreren Zwecken, die im Folgenden erl\u00e4utert werden: Analyse des Verhaltens beim Besuch der Website. Einige Daten werden automatisch gesammelt. Sie werden dann vorab gewissenhaft dar\u00fcber informiert. Andere Daten werden per Gesetz und\/oder Verordnung erhoben, wieder andere sind von strategischer und kommerzieller Bedeutung und bed\u00fcrfen der vorherigen Einholung Ihrer Zustimmung. OFFICE DE TOURISME INTERCOMMUNAL ALTA ROCCA achtet in jedem Fall auf die Einhaltung der Vorschriften, deren Anforderungen von der einfachen Information bis zur vorherigen Einholung Ihrer Zustimmung reichen.<\/p><p><b><\/b><b>1) Automatisch gesammelte Daten<\/b><\/p><ul><li>das verwendete Ger\u00e4t und den Browser<\/li><li>die IP-Adresse (anonymisiert)<\/li><li>das Datum und die Uhrzeit Ihres Surfens<\/li><li>den Verlauf Ihrer Navigation (von der Website <a href=\"https:\/\/www.alta-rocca-tourisme.com\/de\/\">https:\/\/www.alta-rocca-tourisme.com\/<\/a>)<\/li><\/ul><p>Damit diese Datenerhebung gesetzlich zul\u00e4ssig ist, stellen wir Ihnen den Widerspruchsmechanismus zur Verf\u00fcgung, indem Sie Ihre Einstellungen im Abschnitt \"Datenschutzrichtlinie\" auf unserer Website aktualisieren. Diese M\u00f6glichkeit ist auf allen Browsern sowie auf allen Arten von Endger\u00e4ten (einschlie\u00dflich Smartphones und Tablets) nutzbar. Kontaktieren Sie uns \u00fcber das Kontaktformular, wenn Sie Schwierigkeiten bei der Nutzung dieses Mechanismus feststellen. Gem\u00e4\u00df den gesetzlichen Bestimmungen informieren wir Sie au\u00dferdem dar\u00fcber, dass :<\/p><ul><li>Die gesammelten Daten werden nicht mit anderen Verarbeitungen (z. B. Kundendateien oder Besucherstatistiken anderer Websites) abgeglichen.<\/li><li>Die auf diese Weise gesammelten Daten f\u00fchren lediglich zu anonymen Statistiken<\/li><li>Wir verfolgen Ihr Surfen auf anderen Webseiten nicht.<\/li><li>Die gesammelte IP-Adresse erm\u00f6glicht keine genauere Geolokalisierung als den Ma\u00dfstab einer Stadt :<\/li><li>Diese Daten werden nicht l\u00e4nger als 13 Monate ab Ihrem ersten Besuch aufbewahrt.<\/li><li>Auch rohe Besuchsdaten, die mit einer Kennung verkn\u00fcpft sind, d\u00fcrfen nicht l\u00e4nger als 13 Monate aufbewahrt werden.<\/li><\/ul><p>F\u00fcr jede Datenerhebung, die \u00fcber die Erhebung von Daten f\u00fcr diese Statistiken hinausgeht, muss Ihre vorherige Zustimmung eingeholt werden, sofern sie nicht auf einer anderen Rechtsgrundlage erfolgt.<b> <\/b><\/p><p><b>2) Daten, die gesammelt werden, wenn Sie mit uns Kontakt aufnehmen<\/b><\/p><p>M\u00f6glicherweise \u00fcbermitteln Sie uns personenbezogene Daten, wenn Sie sich an den Kundenservice wenden, damit wir Ihre Anfragen bearbeiten k\u00f6nnen. Auch hier besteht die Rechtsgrundlage in Artikel 6.1.b der DSGVO. Die Rechtsgrundlage f\u00fcr diese Erhebung und Verarbeitung ist Artikel 6.1.b der VERORDNUNG (EU) 2016\/679 DES EUROP\u00c4ISCHEN PARLAMENTS UND DES RATES vom 27. April 2016 zum Schutz nat\u00fcrlicher Personen bei der Verarbeitung personenbezogener Daten, zum freien Datenverkehr und zur Aufhebung der Richtlinie 95\/46\/EG (Datenschutz-Grundverordnung oder \"DSGVO\").<\/p><div><h2>Aufbewahrung von Daten<\/h2><p>In \u00dcbereinstimmung mit den \u00f6rtlich geltenden Vorschriften informiert Sie OFFICE DE TOURISME INTERCOMMUNAL ALTA ROCCA, dass Ihre Daten nur so lange aufbewahrt werden, wie es f\u00fcr die Verarbeitung der Daten unbedingt erforderlich ist. Zum Beispiel sind wir in \u00dcbereinstimmung mit dem franz\u00f6sischen Gesetz verpflichtet, Zahlungs- und Rechnungsinformationen f\u00fcr einen Zeitraum von 10 Jahren aufzubewahren.<\/p><h2>Verarbeitung von Daten<\/h2><p>OFFICE DE TOURISME INTERCOMMUNAL ALTA ROCCA informiert, dass es die Daten auf rechtm\u00e4\u00dfige, faire, transparente, angemessene, relevante, begrenzte, genaue und aktualisierte Weise verarbeiten wird. Aus diesem Grund verpflichtet sich OFFICE DE TOURISME INTERCOMMUNAL ALTA ROCCA, alle angemessenen Ma\u00dfnahmen zu ergreifen, damit die Daten unverz\u00fcglich gel\u00f6scht oder berichtigt werden, wenn sie unrichtig sind. OFFICE DE TOURISME INTERCOMMUNAL ALTA ROCCA wird Ihre Daten verarbeiten, um Sie nach Ihrer Kontaktanfrage erneut kontaktieren zu k\u00f6nnen.<\/p><h3>Recht der Nutzer<\/h3><p>Gem\u00e4\u00df Artikel 15 bis 22 DSGVO haben Sie in Bezug auf die Daten, die wir \u00fcber Sie gespeichert haben, folgende Rechte:<\/p><ul><li>Recht auf Auskunft (Artikel 15 DSGVO)<\/li><li>Recht auf Berichtigung (Artikel 16 DSGVO)<\/li><li>Recht auf L\u00f6schung (Artikel 17 DSGVO)<\/li><li>Recht auf Einschr\u00e4nkung der Verarbeitung (Artikel 18 DSGVO)<\/li><li>Recht auf Benachrichtigung \u00fcber Daten: Berichtigungen, L\u00f6schungen, Einschr\u00e4nkungen (Artikel 19 DSGVO)<\/li><li>Recht auf Daten\u00fcbertragbarkeit (Artikel 20 DSGVO)<\/li><li>Widerspruchsrecht (Artikel 21 DSGVO)<\/li><li>Recht, nicht Gegenstand eines Profiling zu werden (Artikel 22 DSGVO)<\/li><\/ul><p>Sie k\u00f6nnen dieses Recht aus\u00fcben, indem Sie Ihre Anfrage an die folgende Postadresse richten: OFFICE DE TOURISME INTERCOMMUNAL ALTA ROCCA oder an die E-Mail-Adresse <a href=\"mailto:tourisme@alta-rocca-tourisme.com\">tourisme@alta-rocca-tourisme.com<\/a>. Jedem Antrag auf Aus\u00fcbung eines Rechts muss eine Kopie eines g\u00fcltigen Identit\u00e4tsnachweises beigef\u00fcgt werden, damit wir uns vergewissern k\u00f6nnen, dass der gestellte Antrag tats\u00e4chlich von dem rechtm\u00e4\u00dfigen Inhaber der betreffenden Daten stammt. Sie k\u00f6nnen sich auch an die zust\u00e4ndige Aufsichtsbeh\u00f6rde (CNIL) wenden, um eine Beschwerde einzureichen, die Sie f\u00fcr angemessen halten.<\/p><h3>\u00dcbertragung von Daten<\/h3><p>OFFICE DE TOURISME INTERCOMMUNAL ALTA ROCCA informiert, dass es Ihre Daten nicht an Dritte weitergeben wird.<\/p><h2>Dauer der Speicherung von Daten<\/h2><p>Die Dauer der Aufbewahrung Ihrer Daten variiert je nach Rechtslage und bei geringeren Einschr\u00e4nkungen je nach den Empfehlungen der CNIL und unseren Bed\u00fcrfnissen. Zur Orientierung finden Sie in der beigef\u00fcgten Tabelle die Aufbewahrungsfristen f\u00fcr die wichtigsten Daten, die von OFFICE DE TOURISME INTERCOMMUNAL ALTA ROCCA angewandt werden.<\/p><p>Art der Datenverarbeitung: Kundenbeziehung<br \/>Zweck der Verarbeitung: Verwaltung der Anfragen aus dem Kontaktformular<br \/>Haltbarkeit: 365 Tage<br \/>Anmerkungen (Die vereinfachten Standards der CNIL haben seit dem 25.05.2018 nur noch einen indikativen Wert. Weitere Referenzstandards werden erwartet). : Vereinfachte Norm der CNIL NS-048<\/p><h2>\u00c4nderungen an dieser Datenschutzrichtlinie<\/h2><p>Diese Datenschutzrichtlinie wurde am 9. August 2023 aktualisiert. Von Zeit zu Zeit kann das OFFICE DE TOURISME INTERCOMMUNAL ALTA ROCCA \u00c4nderungen an seiner Datenschutzrichtlinie vornehmen und diese auf seiner Website aktualisieren. Jede Aktualisierung dieser Politik wird Ihnen durch leicht erkennbare Einf\u00fcgungen auf unserer Website und\/oder durch den Versand von Informations-E-Mails mitgeteilt.<\/p><h2>Verwaltung von Cookies<\/h2><p><a href=\"javascript:openAxeptioCookies()\">Klicken Sie hier, um Ihre Einstellungen zu \u00e4ndern.<\/a><\/p><\/div>\t\t\t\t\t\t\t\t<\/div>\n\t\t\t\t<\/div>\n\t\t\t\t\t<\/div>\n\t\t\t\t<\/div>\n\t\t\t\t<\/div>","protected":false},"excerpt":{"rendered":"<p>Politique de confidentialit\u00e9 Conform\u00e9ment aux dispositions de la l\u00e9gislation en vigueur sur la protection des donn\u00e9es personnelles, nous vous informons que vos donn\u00e9es seront int\u00e9gr\u00e9es dans le syst\u00e8me de traitement appartenant \u00e0 OFFICE DE TOURISME INTERCOMMUNAL ALTA ROCCA dont le si\u00e8ge social se situe \u00e0 : Communaut\u00e9 des communes de l&#8217;Alta Rocca &#8211; Rue Sorba [&hellip;]<\/p>\n","protected":false},"author":1,"featured_media":0,"parent":0,"menu_order":0,"comment_status":"closed","ping_status":"closed","template":"","meta":{"_acf_changed":false,"_seopress_robots_primary_cat":"","_seopress_titles_title":"","_seopress_titles_desc":"","_seopress_robots_index":"","footnotes":""},"class_list":["post-3","page","type-page","status-publish","hentry"],"acf":[],"_links":{"self":[{"href":"https:\/\/www.alta-rocca-tourisme.com\/de\/wp-json\/wp\/v2\/pages\/3","targetHints":{"allow":["GET"]}}],"collection":[{"href":"https:\/\/www.alta-rocca-tourisme.com\/de\/wp-json\/wp\/v2\/pages"}],"about":[{"href":"https:\/\/www.alta-rocca-tourisme.com\/de\/wp-json\/wp\/v2\/types\/page"}],"author":[{"embeddable":true,"href":"https:\/\/www.alta-rocca-tourisme.com\/de\/wp-json\/wp\/v2\/users\/1"}],"replies":[{"embeddable":true,"href":"https:\/\/www.alta-rocca-tourisme.com\/de\/wp-json\/wp\/v2\/comments?post=3"}],"version-history":[{"count":10,"href":"https:\/\/www.alta-rocca-tourisme.com\/de\/wp-json\/wp\/v2\/pages\/3\/revisions"}],"predecessor-version":[{"id":6178,"href":"https:\/\/www.alta-rocca-tourisme.com\/de\/wp-json\/wp\/v2\/pages\/3\/revisions\/6178"}],"wp:attachment":[{"href":"https:\/\/www.alta-rocca-tourisme.com\/de\/wp-json\/wp\/v2\/media?parent=3"}],"curies":[{"name":"wp","href":"https:\/\/api.w.org\/{rel}","templated":true}]}}